{"id":7,"date":"2023-10-19T18:00:54","date_gmt":"2023-10-19T17:00:54","guid":{"rendered":"http:\/\/toqueprofesional.es\/index.php\/cart\/"},"modified":"2025-12-30T13:53:12","modified_gmt":"2025-12-30T12:53:12","slug":"carrito-de-compra-toque-profesional","status":"publish","type":"page","link":"https:\/\/toqueprofesional.es\/pt\/carrito-de-compra-toque-profesional\/","title":{"rendered":"Carrinho de compras com toque profissional"},"content":{"rendered":"<div data-elementor-type=\"wp-page\" data-elementor-id=\"7\" class=\"elementor elementor-7\" data-elementor-post-type=\"page\">\n\t\t\t\t<div class=\"elementor-element elementor-element-5f3e64d e-flex e-con-boxed e-con e-parent\" data-id=\"5f3e64d\" data-element_type=\"container\" data-e-type=\"container\">\n\t\t\t\t\t<div class=\"e-con-inner\">\n\t\t\t\t\t<\/div>\n\t\t\t\t<\/div>\n\t\t<div class=\"elementor-element elementor-element-54ebbf3 e-flex e-con-boxed e-con e-parent\" data-id=\"54ebbf3\" data-element_type=\"container\" data-e-type=\"container\">\n\t\t\t\t\t<div class=\"e-con-inner\">\n\t\t\t\t\t<\/div>\n\t\t\t\t<\/div>\n\t\t<div class=\"elementor-element elementor-element-c451e36 hide_visible e-flex e-con-boxed e-con e-parent\" data-id=\"c451e36\" data-element_type=\"container\" data-e-type=\"container\">\n\t\t\t\t\t<div class=\"e-con-inner\">\n\t\t\t\t<div class=\"elementor-element elementor-element-6306415 elementor-widget elementor-widget-text-editor\" data-id=\"6306415\" data-element_type=\"widget\" data-e-type=\"widget\" id=\".hide_visible {   position: absolute;   left: -9999px;       \/* \u0412\u044b\u043d\u043e\u0441\u0438\u0442 \u0437\u0430 \u044d\u043a\u0440\u0430\u043d *\/   visibility: hidden; }\" data-widget_type=\"text-editor.default\">\n\t\t\t\t<div class=\"elementor-widget-container\">\n\t\t\t\t\t\t\t\t\t<section id=\"carrito-compra-toque-profesional\"><div class=\"container\"><h1>Carrinho de compras Professional Touch: seu espa\u00e7o de compras seguro<\/h1><p>Ele <strong>Carrinho de compras Professional Touch<\/strong> Ele foi criado para oferecer a voc\u00ea uma experi\u00eancia de compra r\u00e1pida, clara e totalmente segura. A partir daqui, voc\u00ea pode revisar itens adicionados, ajustar quantidades, aplicar cupons e calcular o custo do frete antes de finalizar seu pedido. Cada detalhe deste sistema foi projetado para garantir transpar\u00eancia, conveni\u00eancia e confian\u00e7a, tanto para profissionais do setor quanto para clientes individuais.<\/p><h2>Gest\u00e3o completa e atualizada do seu carrinho de compras<\/h2><p>Nesta se\u00e7\u00e3o, voc\u00ea pode verificar o nome, as varia\u00e7\u00f5es e o pre\u00e7o de todos os produtos selecionados. Se precisar fazer alguma altera\u00e7\u00e3o, use os bot\u00f5es +\/- para alterar a quantidade e clique em &quot;Atualizar Carrinho&quot;. Os c\u00e1lculos s\u00e3o atualizados instantaneamente, evitando erros ou cobran\u00e7as incorretas. Se voc\u00ea tiver um cupom, insira-o no campo correspondente e confirme para aplicar o desconto. Voc\u00ea tamb\u00e9m pode salvar seu carrinho fazendo login. <a href=\"https:\/\/toqueprofesional.es\/pt\/mi-cuenta\/\">Minha conta<\/a>, para retom\u00e1-lo quando precisar.<\/p><h2>Como calcular frete e impostos<\/h2><p>Ele <strong>carrinho de compras<\/strong> O Toque Profesional permite que voc\u00ea saiba o custo final antes do pagamento. Basta inserir seu CEP para ver os custos exatos de envio e impostos. O sistema exibir\u00e1 as op\u00e7\u00f5es padr\u00e3o e expressa, com prazos de entrega adaptados \u00e0s suas necessidades. Esse processo garante que voc\u00ea sempre saiba o que est\u00e1 pagando, sem surpresas na hora de finalizar a compra.<\/p><figure><img fetchpriority=\"high\" decoding=\"async\" src=\"\/wp-content\/uploads\/cart-toque-profesional.jpg\" alt=\"carrito de compra Toque Profesional con c\u00e1lculo de env\u00edo y cupones\" width=\"1200\" height=\"420\" \/><figcaption>Revise seus itens, aplique cupons e calcule o frete antes de finalizar a compra.<\/figcaption><\/figure><h2>Vantagens de comprar com a Professional Touch<\/h2><ul><li><strong>Produtos verificados:<\/strong> ferramentas e acess\u00f3rios profissionais testados por especialistas.<\/li><li><strong>Pagamentos seguros:<\/strong> gateways criptografados com m\u00e1xima prote\u00e7\u00e3o de dados.<\/li><li><strong>Envio r\u00e1pido:<\/strong> op\u00e7\u00f5es standard e express para toda a Espanha.<\/li><li><strong>Aten\u00e7\u00e3o personalizada:<\/strong> suporte real para altera\u00e7\u00f5es, devolu\u00e7\u00f5es e consultas.<\/li><\/ul><h2>Dicas \u00fateis para seu carrinho de compras<\/h2><ul><li>Verifique sempre os produtos antes de confirmar o pedido.<\/li><li>Confira cores, tamanhos e modelos dispon\u00edveis.<\/li><li>Aplique cupons ativos antes de concluir sua compra.<\/li><li>Salve seu carrinho acessando sua conta.<\/li><\/ul><h2>Deseja continuar comprando?<\/h2><p>Explore nossas categorias em destaque e adicione mais produtos ao seu carrinho:<\/p><p><a href=\"https:\/\/toqueprofesional.es\/pt\/shop\/\">Loja<\/a> |<br \/><a href=\"https:\/\/toqueprofesional.es\/pt\/categoria-producto\/recortadoras\/\">Aparadores<\/a> |<br \/><a href=\"https:\/\/toqueprofesional.es\/pt\/categoria-producto\/secadores\/\">Secadores<\/a> |<br \/><a href=\"https:\/\/toqueprofesional.es\/pt\/categoria-producto\/accesorios\/\">Acess\u00f3rios<\/a><\/p><h2>Transpar\u00eancia e educa\u00e7\u00e3o no com\u00e9rcio eletr\u00f4nico<\/h2><p>Em <strong>Toque Profissional<\/strong> Valorizamos a confian\u00e7a dos nossos clientes. \u00c9 por isso que aplicamos pol\u00edticas de envio, devolu\u00e7\u00e3o e pagamento totalmente seguras. Se quiser saber mais sobre como funciona o e-commerce, leia o artigo em <a href=\"https:\/\/es.wikipedia.org\/wiki\/Comercio_electr%C3%B3nico\" target=\"_blank\" rel=\"dofollow noopener noreferrer\">Wikip\u00e9dia sobre com\u00e9rcio eletr\u00f4nico<\/a>, onde voc\u00ea encontrar\u00e1 informa\u00e7\u00f5es sobre seguran\u00e7a online, prote\u00e7\u00e3o de dados e direitos do consumidor.<\/p><h2>Conclua sua compra com total confian\u00e7a<\/h2><p>Quando voc\u00ea tiver revisado todos os detalhes em seu <strong>Carrinho de compras Professional Touch<\/strong>, clique em <a href=\"https:\/\/toqueprofesional.es\/pt\/finalizar-compra\/\"><strong>Concluir compra<\/strong><\/a> para concluir seu pagamento com seguran\u00e7a. Agradecemos por confiar na Toque Profesional: sua parceira em materiais, ferramentas e produtos profissionais para cabeleireiro e barbearia.<\/p><\/div><\/section>\t\t\t\t\t\t\t\t<\/div>\n\t\t\t\t<\/div>\n\t\t\t\t\t<\/div>\n\t\t\t\t<\/div>\n\t\t\t\t<\/div>","protected":false},"excerpt":{"rendered":"<p>Your basket is currently empty. Return to shop Carrito de compra Toque Profesional: tu espacio de compra segura El carrito de compra Toque Profesional ha sido creado para ofrecerte una experiencia de compra r\u00e1pida, clara y totalmente segura. Desde aqu\u00ed podr\u00e1s revisar los art\u00edculos a\u00f1adidos, ajustar cantidades, aplicar cupones y calcular los gastos de env\u00edo [&hellip;]<\/p>","protected":false},"author":1,"featured_media":0,"parent":0,"menu_order":0,"comment_status":"closed","ping_status":"open","template":"","meta":{"_acf_changed":false,"site-sidebar-layout":"no-sidebar","site-content-layout":"","ast-site-content-layout":"full-width-container","site-content-style":"default","site-sidebar-style":"default","ast-global-header-display":"","ast-banner-title-visibility":"","ast-main-header-display":"","ast-hfb-above-header-display":"","ast-hfb-below-header-display":"","ast-hfb-mobile-header-display":"","site-post-title":"","ast-breadcrumbs-content":"","ast-featured-img":"","footer-sml-layout":"","ast-disable-related-posts":"","theme-transparent-header-meta":"","adv-header-id-meta":"","stick-header-meta":"","header-above-stick-meta":"","header-main-stick-meta":"","header-below-stick-meta":"","astra-migrate-meta-layouts":"","ast-page-background-enabled":"default","ast-page-background-meta":{"desktop":{"background-color":"var(--ast-global-color-4)","background-image":"","background-repeat":"repeat","background-position":"center center","background-size":"auto","background-attachment":"scroll","background-type":"","background-media":"","overlay-type":"","overlay-color":"","overlay-opacity":"","overlay-gradient":""},"tablet":{"background-color":"","background-image":"","background-repeat":"repeat","background-position":"center center","background-size":"auto","background-attachment":"scroll","background-type":"","background-media":"","overlay-type":"","overlay-color":"","overlay-opacity":"","overlay-gradient":""},"mobile":{"background-color":"","background-image":"","background-repeat":"repeat","background-position":"center center","background-size":"auto","background-attachment":"scroll","background-type":"","background-media":"","overlay-type":"","overlay-color":"","overlay-opacity":"","overlay-gradient":""}},"ast-content-background-meta":{"desktop":{"background-color":"var(--ast-global-color-5)","background-image":"","background-repeat":"repeat","background-position":"center center","background-size":"auto","background-attachment":"scroll","background-type":"","background-media":"","overlay-type":"","overlay-color":"","overlay-opacity":"","overlay-gradient":""},"tablet":{"background-color":"var(--ast-global-color-5)","background-image":"","background-repeat":"repeat","background-position":"center center","background-size":"auto","background-attachment":"scroll","background-type":"","background-media":"","overlay-type":"","overlay-color":"","overlay-opacity":"","overlay-gradient":""},"mobile":{"background-color":"var(--ast-global-color-5)","background-image":"","background-repeat":"repeat","background-position":"center center","background-size":"auto","background-attachment":"scroll","background-type":"","background-media":"","overlay-type":"","overlay-color":"","overlay-opacity":"","overlay-gradient":""}},"footnotes":""},"class_list":["post-7","page","type-page","status-publish","hentry"],"acf":[],"_links":{"self":[{"href":"https:\/\/toqueprofesional.es\/pt\/wp-json\/wp\/v2\/pages\/7","targetHints":{"allow":["GET"]}}],"collection":[{"href":"https:\/\/toqueprofesional.es\/pt\/wp-json\/wp\/v2\/pages"}],"about":[{"href":"https:\/\/toqueprofesional.es\/pt\/wp-json\/wp\/v2\/types\/page"}],"author":[{"embeddable":true,"href":"https:\/\/toqueprofesional.es\/pt\/wp-json\/wp\/v2\/users\/1"}],"replies":[{"embeddable":true,"href":"https:\/\/toqueprofesional.es\/pt\/wp-json\/wp\/v2\/comments?post=7"}],"version-history":[{"count":42,"href":"https:\/\/toqueprofesional.es\/pt\/wp-json\/wp\/v2\/pages\/7\/revisions"}],"predecessor-version":[{"id":6351,"href":"https:\/\/toqueprofesional.es\/pt\/wp-json\/wp\/v2\/pages\/7\/revisions\/6351"}],"wp:attachment":[{"href":"https:\/\/toqueprofesional.es\/pt\/wp-json\/wp\/v2\/media?parent=7"}],"curies":[{"name":"wp","href":"https:\/\/api.w.org\/{rel}","templated":true}]}}