{"id":1462,"date":"2024-07-24T17:53:33","date_gmt":"2024-07-24T15:53:33","guid":{"rendered":"https:\/\/toqueprofesional.es\/?post_type=product&#038;p=1462"},"modified":"2025-03-09T13:48:03","modified_gmt":"2025-03-09T12:48:03","slug":"scisorswmark","status":"publish","type":"product","link":"https:\/\/toqueprofesional.es\/pt\/hairdressing\/scissors\/scisorswmark\/","title":{"rendered":"Conjunto de tesouras profissionais WMARK NG-PS002A"},"content":{"rendered":"<p>Descubra a excel\u00eancia no corte e a precis\u00e3o com o conjunto de tesouras profissionais WMARK NG-PS002A\/B, projetado especialmente para estilistas e cabeleireiros que buscam levar suas habilidades para o pr\u00f3ximo n\u00edvel. Este conjunto inclui uma tesoura de corte e uma tesoura de desbaste, fabricadas em a\u00e7o inoxid\u00e1vel de alta qualidade, garantindo durabilidade e desempenho superior em cada utiliza\u00e7\u00e3o.<\/p>\n<p>Recursos em destaque:<\/p>\n<p>&nbsp;<\/p>\n<p>-Tamanho: tesoura de corte 5,5. Certo.<\/p>\n<p>\u2013 A\u00e7o Inoxid\u00e1vel Premium: Resistente \u00e0 corros\u00e3o e ao desgaste, garantindo longa vida \u00fatil e cortes precisos.<br \/>\n\u2013 Design ergon\u00f4mico: Al\u00e7as projetadas para reduzir a fadiga e proporcionar uma pegada confort\u00e1vel e segura durante longas sess\u00f5es de trabalho.<br \/>\n\u2013 Afia\u00e7\u00e3o de Precis\u00e3o: A tesoura de corte oferece um fio perfeito para cortes limpos e precisos, enquanto a tesoura de desbaste permite texturizar e reduzir volume com facilidade.<br \/>\n\u2013 Acabamento Elegante: Um revestimento preto sofisticado que n\u00e3o s\u00f3 adiciona um toque de estilo, mas tamb\u00e9m protege a tesoura contra danos.<br \/>\n\u2013 Sistema de Parafuso Ajust\u00e1vel: Permite ajustar a tens\u00e3o de acordo com as prefer\u00eancias do usu\u00e1rio, garantindo \u00f3timo controle e uma experi\u00eancia de corte personalizada.<\/p>\n<p>Ideal tanto para cortes detalhados como para t\u00e9cnicas avan\u00e7adas de styling, o Conjunto de Tesouras Profissionais WMARK NG-PS002A\/B \u00e9 um investimento essencial para qualquer profissional de cabeleireiro que aspire \u00e0 perfei\u00e7\u00e3o em cada corte. Equipe o seu sal\u00e3o com o que h\u00e1 de melhor e ofere\u00e7a aos seus clientes um servi\u00e7o de qualidade superior!<\/p>","protected":false},"excerpt":{"rendered":"<p>Descubra a excel\u00eancia no corte e a precis\u00e3o com o conjunto de tesouras profissionais WMARK NG-PS002A\/B, projetado especialmente para estilistas e cabeleireiros que buscam levar suas habilidades para o pr\u00f3ximo n\u00edvel. Este conjunto inclui uma tesoura de corte e uma tesoura de desbaste, fabricadas em a\u00e7o inoxid\u00e1vel de alta qualidade, garantindo durabilidade e desempenho superior em [\u2026]<\/p>","protected":false},"featured_media":1463,"template":"","meta":{"_acf_changed":false},"product_brand":[],"product_cat":[23,24],"product_tag":[],"class_list":{"0":"post-1462","1":"product","2":"type-product","3":"status-publish","4":"has-post-thumbnail","6":"product_cat-scissors","7":"product_cat-thinning-scissors","9":"first","10":"outofstock","11":"taxable","12":"shipping-taxable","13":"purchasable","14":"product-type-simple"},"acf":[],"_links":{"self":[{"href":"https:\/\/toqueprofesional.es\/pt\/wp-json\/wp\/v2\/product\/1462","targetHints":{"allow":["GET"]}}],"collection":[{"href":"https:\/\/toqueprofesional.es\/pt\/wp-json\/wp\/v2\/product"}],"about":[{"href":"https:\/\/toqueprofesional.es\/pt\/wp-json\/wp\/v2\/types\/product"}],"wp:featuredmedia":[{"embeddable":true,"href":"https:\/\/toqueprofesional.es\/pt\/wp-json\/wp\/v2\/media\/1463"}],"wp:attachment":[{"href":"https:\/\/toqueprofesional.es\/pt\/wp-json\/wp\/v2\/media?parent=1462"}],"wp:term":[{"taxonomy":"product_brand","embeddable":true,"href":"https:\/\/toqueprofesional.es\/pt\/wp-json\/wp\/v2\/product_brand?post=1462"},{"taxonomy":"product_cat","embeddable":true,"href":"https:\/\/toqueprofesional.es\/pt\/wp-json\/wp\/v2\/product_cat?post=1462"},{"taxonomy":"product_tag","embeddable":true,"href":"https:\/\/toqueprofesional.es\/pt\/wp-json\/wp\/v2\/product_tag?post=1462"}],"curies":[{"name":"wp","href":"https:\/\/api.w.org\/{rel}","templated":true}]}}