{"id":1476,"date":"2024-07-24T18:02:18","date_gmt":"2024-07-24T16:02:18","guid":{"rendered":"https:\/\/toqueprofesional.es\/?post_type=product&#038;p=1476"},"modified":"2024-08-23T10:37:31","modified_gmt":"2024-08-23T08:37:31","slug":"papel","status":"publish","type":"product","link":"https:\/\/toqueprofesional.es\/pt\/disposable\/papel\/","title":{"rendered":"Maca Papel 2 CAMADAS Caixa 6 Rolos"},"content":{"rendered":"<p>Garanta limpeza e conforto em seu espa\u00e7o profissional com nosso Papel para Maca Descart\u00e1vel. Ideal para cl\u00ednicas, spas, centros de est\u00e9tica e consult\u00f3rios m\u00e9dicos.<\/p>\n<p>Caracteristicas:<br \/>\n\u2013 Material Resistente e Macio: Alta durabilidade e conforto para o paciente. 2 folhas de massa pura.<br \/>\n\u2013 Medidas Universais: Largura de 59 cm e comprimento de 70 metros por rolo. Peso 1,5 Kg\/Rolo.<br \/>\n\u2013 F\u00e1cil de usar: Pr\u00e9-corte a cada 40cm. Desenrole e corte no tamanho necess\u00e1rio.<br \/>\n\u2013 Descart\u00e1vel e Ecol\u00f3gico: 100% recicl\u00e1vel.<br \/>\n\u2013 Higiene Garantida: Evita a contamina\u00e7\u00e3o cruzada.<\/p>\n<p>Benef\u00edcios:<br \/>\n\u2013 Profissionalismo: Oferece um ambiente limpo e seguro.<br \/>\n\u2013 Versatilidade: Ideal para massagens, tratamentos est\u00e9ticos e exames m\u00e9dicos.<br \/>\n\u2013 Economia: Reduz custos de lavagem e manuten\u00e7\u00e3o.<\/p>\n<p>Escolha nosso Papel para Maca Descart\u00e1vel para um ambiente profissional impec\u00e1vel. Fa\u00e7a seu pedido agora!<\/p>\n<p>&nbsp;<\/p>\n<p>&nbsp;<\/p>","protected":false},"excerpt":{"rendered":"<p>Garanta limpeza e conforto em seu espa\u00e7o profissional com nosso Papel para Maca Descart\u00e1vel. Ideal para cl\u00ednicas, spas, centros de est\u00e9tica e consult\u00f3rios m\u00e9dicos. Caracter\u00edsticas: \u2013 Material Resistente e Macio: Alta durabilidade e conforto para o paciente. 2 folhas de massa pura. \u2013 Medidas Universais: Largura de 59 cm e comprimento de 70 metros por [\u2026]<\/p>","protected":false},"featured_media":1477,"template":"","meta":{"_acf_changed":false},"product_brand":[],"product_cat":[34,20],"product_tag":[],"class_list":{"0":"post-1476","1":"product","2":"type-product","3":"status-publish","4":"has-post-thumbnail","6":"product_cat-massage","7":"product_cat-disposable","9":"first","10":"instock","11":"taxable","12":"shipping-taxable","13":"purchasable","14":"product-type-simple"},"acf":[],"_links":{"self":[{"href":"https:\/\/toqueprofesional.es\/pt\/wp-json\/wp\/v2\/product\/1476","targetHints":{"allow":["GET"]}}],"collection":[{"href":"https:\/\/toqueprofesional.es\/pt\/wp-json\/wp\/v2\/product"}],"about":[{"href":"https:\/\/toqueprofesional.es\/pt\/wp-json\/wp\/v2\/types\/product"}],"wp:featuredmedia":[{"embeddable":true,"href":"https:\/\/toqueprofesional.es\/pt\/wp-json\/wp\/v2\/media\/1477"}],"wp:attachment":[{"href":"https:\/\/toqueprofesional.es\/pt\/wp-json\/wp\/v2\/media?parent=1476"}],"wp:term":[{"taxonomy":"product_brand","embeddable":true,"href":"https:\/\/toqueprofesional.es\/pt\/wp-json\/wp\/v2\/product_brand?post=1476"},{"taxonomy":"product_cat","embeddable":true,"href":"https:\/\/toqueprofesional.es\/pt\/wp-json\/wp\/v2\/product_cat?post=1476"},{"taxonomy":"product_tag","embeddable":true,"href":"https:\/\/toqueprofesional.es\/pt\/wp-json\/wp\/v2\/product_tag?post=1476"}],"curies":[{"name":"wp","href":"https:\/\/api.w.org\/{rel}","templated":true}]}}