{"id":1934,"date":"2025-03-09T13:27:16","date_gmt":"2025-03-09T12:27:16","guid":{"rendered":"https:\/\/toqueprofesional.es\/?post_type=product&#038;p=1934"},"modified":"2026-01-16T15:39:04","modified_gmt":"2026-01-16T14:39:04","slug":"wmark-ng-9107-secador","status":"publish","type":"product","link":"https:\/\/toqueprofesional.es\/pt\/hairdressing\/hair-dryers\/wmark-ng-9107-secador\/","title":{"rendered":"Secador de cabelo WMARK NG-9107"},"content":{"rendered":"<div class=\"product-description\">\n<h2>WMARK NG-9107 \u2013 Secador de cabelo de alta velocidade para secagem r\u00e1pida e penteados profissionais.<\/h2>\n<p>Ele <strong>WMARK NG-9107<\/strong> \u00e9 um <strong>secador de cabelo<\/strong> Alta velocidade, projetada para quem busca resultados r\u00e1pidos.,<br \/>\nUm acabamento mais refinado e uma experi\u00eancia de usu\u00e1rio moderna. Este modelo \u00e9 adequado at\u00e9 mesmo para os ambientes dom\u00e9sticos mais exigentes.<br \/>\nbem como para uso profissional em sal\u00f5es de cabeleireiro, barbearias e centros de beleza, onde a efici\u00eancia e a consist\u00eancia do fluxo s\u00e3o essenciais.<br \/>\nO ar \u00e9 fundamental.<\/p>\n<p>A principal vantagem de um <strong>secador de cabelo<\/strong> A alta velocidade consiste na capacidade de gerar um fluxo de ar est\u00e1vel e bem direcionado.<br \/>\nIsso torna o processo de secagem mais eficiente e o penteado mais preciso: \u00e9 mais f\u00e1cil trabalhar por se\u00e7\u00f5es,<br \/>\nControlar a dire\u00e7\u00e3o do fluxo de ar, modelar o cabelo e finalizar com um acabamento impec\u00e1vel. Nesse sentido, <strong>WMARK NG-9107<\/strong><br \/>\nTorna-se uma ferramenta vers\u00e1til para usu\u00e1rios que desejam otimizar seu tempo sem sacrificar o controle do resultado.<\/p>\n<p>Em termos t\u00e9cnicos, o conceito de alto desempenho baseia-se num motor sem escovas que consegue atingir <strong>100.000 revolu\u00e7\u00f5es<\/strong>,<br \/>\nIsso ajuda a manter um fluxo de ar potente e constante. Esse n\u00famero (100.000 rota\u00e7\u00f5es) \u00e9 relevante porque explica por que o ar<br \/>\nA press\u00e3o \u00e9 ideal e permite uma secagem r\u00e1pida, mesmo em cabelos grossos, compridos ou porosos.<\/p>\n<p><!-- IMPORTANTE: Sustituye la URL por la imagen real del producto desde la Biblioteca de Medios --><\/p>\n<p><img decoding=\"async\" style=\"max-width: 100%; height: auto;\" src=\"PEGA_AQUI_LA_URL_DE_TU_IMAGEN\" alt=\"WMARK NG-9107 secador de pelo de alta velocidad\" \/><\/p>\n<h2>O que torna o WMARK NG-9107 especial?<\/h2>\n<p>Ele <strong>WMARK NG-9107<\/strong> pertence \u00e0 nova gera\u00e7\u00e3o de <strong>secador de cabelo<\/strong> com motor sem escovas,<br \/>\nProjetado para um desempenho mais consistente. Em vez de depender apenas da pot\u00eancia &quot;bruta&quot;, este projeto se concentra em um fluxo<br \/>\nFluxo de ar est\u00e1vel com boa press\u00e3o e dire\u00e7\u00e3o, resultando em secagem mais r\u00e1pida e modelagem mais confort\u00e1vel.<\/p>\n<p>Quando um <strong>secador de cabelo<\/strong> Oferece um fluxo previs\u00edvel, o trabalho \u00e9 simplificado: primeiro as ra\u00edzes, depois os ramos e as pontas, e,<br \/>\nPor fim, o acabamento (suaviza\u00e7\u00e3o, volume ou defini\u00e7\u00e3o). \u00c9 por isso que, <strong>WMARK NG-9107<\/strong> \u00c9 pr\u00e1tico para a rotina di\u00e1ria.<br \/>\ne tamb\u00e9m para contextos profissionais onde a velocidade \u00e9 necess\u00e1ria sem perder a precis\u00e3o.<\/p>\n<p>Em cabelos longos ou grossos, a diferen\u00e7a \u00e9 ainda mais not\u00e1vel. O motor \u00e9 capaz de alcan\u00e7ar <strong>100.000 revolu\u00e7\u00f5es<\/strong> promove a secagem<br \/>\nMais eficiente; al\u00e9m disso, permite alternar entre estilos (liso, ondulado, cacheado) com a ajuda de bicos e difusor.<\/p>\n<h2>Principais vantagens do secador WMARK NG-9107<\/h2>\n<ul>\n<li><strong>Secagem r\u00e1pida e est\u00e1vel:<\/strong> Fluxo de ar constante para reduzir o tempo de secagem.<\/li>\n<li><strong>Motor sem escovas:<\/strong> Efici\u00eancia, menor desgaste mec\u00e2nico e desempenho consistente.<\/li>\n<li><strong>Ioniza\u00e7\u00e3o:<\/strong> Ajuda a reduzir o frizz e os fios arrepiados, melhorando a maleabilidade do cabelo.<\/li>\n<li><strong>Tela de LED:<\/strong> Controle visual e intuitivo dos modos de utiliza\u00e7\u00e3o.<\/li>\n<li><strong>Acess\u00f3rios magn\u00e9ticos:<\/strong> Troca r\u00e1pida de bicos concentradores e difusores.<\/li>\n<li><strong>Bot\u00e3o de ar frio:<\/strong> Ideal para finalizar e fixar o penteado.<\/li>\n<li><strong>Autolimpante:<\/strong> Isso facilita a manuten\u00e7\u00e3o do sistema de ventila\u00e7\u00e3o.<\/li>\n<li><strong>Design dur\u00e1vel:<\/strong> Corpo em metal com acabamento premium.<\/li>\n<\/ul>\n<h2>Para quem \u00e9 indicado?<\/h2>\n<p>Ele <strong>WMARK NG-9107<\/strong> \u00c9 uma excelente op\u00e7\u00e3o se voc\u00ea deseja reduzir o tempo de secagem di\u00e1rio e ter maior controle sobre o penteado.<br \/>\nou ter um <strong>secador de cabelo<\/strong> Confi\u00e1vel em um ambiente de trabalho. Tamb\u00e9m \u00e9 uma boa op\u00e7\u00e3o para quem tem cabelos longos ou grossos.<br \/>\ne se voc\u00ea deseja uma secagem mais eficiente, ou se estiver interessada em um acabamento mais polido para cabelos lisos, ondulados ou cacheados.<\/p>\n<ul>\n<li>Pessoas que secam o cabelo diariamente e querem fazer isso mais r\u00e1pido.<\/li>\n<li>Usu\u00e1rios que escovam o cabelo e precisam de um fluxo de ar direcionado.<\/li>\n<li>Cabelos com tend\u00eancia ao frizz se beneficiam da ioniza\u00e7\u00e3o.<\/li>\n<li>Profissionais que buscam conforto e estabilidade durante longos dias de trabalho.<\/li>\n<li>Para quem deseja acess\u00f3rios que alternem entre alisamento, volume ou defini\u00e7\u00e3o.<\/li>\n<\/ul>\n<h2>Motor sem escovas: efici\u00eancia e controle real<\/h2>\n<p>O motor sem escovas \u00e9 um dos pontos fortes do <strong>WMARK NG-9107<\/strong>. Em termos pr\u00e1ticos, oferece uma sensa\u00e7\u00e3o<br \/>\nCom um fluxo de ar mais est\u00e1vel, a secagem torna-se mais previs\u00edvel. Isso \u00e9 especialmente \u00fatil quando voc\u00ea trabalha<br \/>\nPor se\u00e7\u00f5es: voc\u00ea pode manter um fluxo de ar constante e guiar o cabelo da raiz \u00e0s pontas.,<br \/>\nfavorecendo um acabamento mais organizado.<\/p>\n<p>Na \u00e1rea de cabeleireiro, um fluxo de cabelo est\u00e1vel proporciona maior confian\u00e7a no trabalho. Um concentrador bem direcionado ajuda a controlar o cabelo.<br \/>\nDurante a secagem com secador, o difusor facilita a secagem com volume ou a defini\u00e7\u00e3o de ondas e cachos. Portanto, <strong>WMARK NG-9107<\/strong><br \/>\nEle foi projetado para esse tipo de uso, onde cada minuto conta e onde o resultado precisa ser consistente.<\/p>\n<p>Ao discutir alto desempenho, tamb\u00e9m \u00e9 importante mencionar a figura de <strong>100.000 revolu\u00e7\u00f5es<\/strong>. Esses dados t\u00e9cnicos explicam a capacidade.<br \/>\nO sistema mant\u00e9m um fluxo de ar constante, resultando em um processo de secagem eficiente para diferentes tipos de cabelo.<\/p>\n<h2>Ioniza\u00e7\u00e3o: menos est\u00e1tica, maior suavidade visual.<\/h2>\n<p>A ioniza\u00e7\u00e3o integrada de <strong>WMARK NG-9107<\/strong> Isso ajuda a reduzir a eletricidade est\u00e1tica que surge durante a secagem, algo comum em<br \/>\nAmbientes secos ou esta\u00e7\u00f5es frias. Na pr\u00e1tica, isso ajuda o cabelo a parecer mais f\u00e1cil de pentear, com menos fios arrepiados.\u201c<br \/>\ne um acabamento mais refinado. \u00c9 tamb\u00e9m uma caracter\u00edstica apreciada em cabelos porosos, tingidos ou descoloridos.<\/p>\n<p>Importante: A ioniza\u00e7\u00e3o n\u00e3o &quot;cura&quot; o cabelo, mas ajuda a melhorar a experi\u00eancia de estiliza\u00e7\u00e3o e a apar\u00eancia do acabamento.,<br \/>\nespecialmente quando combinada com a t\u00e9cnica correta: secagem por se\u00e7\u00f5es, direcionando o ar de cima para baixo e finalizando com ar frio.<\/p>\n<h2>Visor LED e controle de modo<\/h2>\n<p>A tela de LED de <strong>WMARK NG-9107<\/strong> Facilita o controle visual durante o uso. Em ambientes profissionais, onde a troca de modos \u00e9 comum.<br \/>\nIsso costuma ser pr\u00e1tico: voc\u00ea pode ajustar a velocidade e a temperatura de acordo com a fase de secagem e o tipo de cabelo.<br \/>\nEm casa, proporciona clareza e conforto, evitando &quot;adivinhar&quot; qual modo est\u00e1 ativo.<\/p>\n<h2>Acess\u00f3rios magn\u00e9ticos: bicos e difusor<\/h2>\n<p>O sistema de acess\u00f3rios magn\u00e9ticos do <strong>WMARK NG-9107<\/strong> Foi projetado para trocar bicos de forma r\u00e1pida e segura.<br \/>\nIsso \u00e9 especialmente \u00fatil quando voc\u00ea alterna entre diferentes estilos: alisando com um concentrador, adicionando volume com um difusor ou trabalhando por se\u00e7\u00f5es.<br \/>\ntais como franjas e contornos.<\/p>\n<h3>Bicos concentradores<\/h3>\n<p>Os bicos concentradores permitem direcionar o fluxo de ar com precis\u00e3o. S\u00e3o ideais para secagem por mechas, alisamento e trabalho com escova redonda.<br \/>\ne proporcionam um acabamento mais uniforme. Com a t\u00e9cnica correta, ajudam a reduzir o frizz e a controlar melhor os cabelos rebeldes.<\/p>\n<h3>Difusor<\/h3>\n<p>O difusor \u00e9 perfeito para criar volume ou definir ondas e cachos. Ele distribui o ar de forma mais ampla e suave, ajudando a manter o formato natural.<br \/>\ndos cabelos. Para cachos, recomenda-se usar uma temperatura moderada, n\u00e3o manipular muito os fios e finalizar com ar frio.<\/p>\n<h2>Ar fresco: o toque final<\/h2>\n<p>O bot\u00e3o de ar frio do <strong>WMARK NG-9107<\/strong> \u00c9 uma fun\u00e7\u00e3o muito \u00fatil para finalizar o penteado. Depois de trabalhar em uma mecha,<br \/>\nUma breve rajada de ar frio ajuda a fixar o penteado e proporciona um visual mais sofisticado. \u00c9 especialmente \u00fatil em franjas, contornos e pontas.,<br \/>\nonde a forma final faz toda a diferen\u00e7a.<\/p>\n<h2>Autolimpeza e manuten\u00e7\u00e3o<\/h2>\n<p>Ele <strong>WMARK NG-9107<\/strong> Inclui uma fun\u00e7\u00e3o de autolimpeza projetada para facilitar a manuten\u00e7\u00e3o do sistema de ventila\u00e7\u00e3o.<br \/>\nNo uso di\u00e1rio, poeira e part\u00edculas podem se acumular e afetar o desempenho. Manter a entrada de ar limpa ajuda a manter um fluxo de ar est\u00e1vel.<br \/>\ne uma experi\u00eancia mais consistente, especialmente se o <strong>secador de cabelo<\/strong> \u00c9 usado com frequ\u00eancia.<\/p>\n<h2>Como obter melhores resultados com seu secador de cabelo<\/h2>\n<p>Para tirar o m\u00e1ximo proveito disso <strong>WMARK NG-9107<\/strong>, Recomendamos uma rotina simples:<\/p>\n<ul>\n<li>Primeiro, retire o excesso de \u00e1gua com uma toalha (sem esfregar em excesso).<\/li>\n<li>Aplique um protetor t\u00e9rmico se for usar calor por v\u00e1rios minutos.<\/li>\n<li>Divida o cabelo em se\u00e7\u00f5es: raiz, meio e pontas.<\/li>\n<li>Use o concentrador para alisar\/secar e o difusor para dar volume\/fazer cachos.<\/li>\n<li>Para um acabamento mais definido, finalize com uma rajada de ar frio.<\/li>\n<\/ul>\n<p>Se o seu objetivo \u00e9 um acabamento uniforme, use o concentrador e direcione o fluxo de ar da raiz \u00e0s pontas. Se voc\u00ea busca volume, trabalhe na raiz com o difusor.<br \/>\nEm ambos os casos, o controle de fluxo que ele proporciona <strong>WMARK NG-9107<\/strong> Isso ajuda a manter a t\u00e9cnica com mais conforto.<\/p>\n<h2>Especifica\u00e7\u00f5es t\u00e9cnicas do WMARK NG-9107<\/h2>\n<table class=\"shop_attributes\">\n<tbody>\n<tr>\n<th>Modelo<\/th>\n<td>WMARK NG-9107<\/td>\n<\/tr>\n<tr>\n<th>Cara<\/th>\n<td>Secador de cabelo de alta velocidade<\/td>\n<\/tr>\n<tr>\n<th>Motor<\/th>\n<td>Sem escovas, at\u00e9 100.000 RPM (100.000 rota\u00e7\u00f5es)<\/td>\n<\/tr>\n<tr>\n<th>Poder<\/th>\n<td>At\u00e9 2000 W (dependendo da vers\u00e3o)<\/td>\n<\/tr>\n<tr>\n<th>Tela<\/th>\n<td>LIDERADO<\/td>\n<\/tr>\n<tr>\n<th>Fun\u00e7\u00f5es<\/th>\n<td>Ioniza\u00e7\u00e3o, ar frio, autolimpeza, prote\u00e7\u00e3o t\u00e9rmica<\/td>\n<\/tr>\n<tr>\n<th>Material do corpo<\/th>\n<td>Metal<\/td>\n<\/tr>\n<tr>\n<th>Acess\u00f3rios<\/th>\n<td>Bicos concentradores e difusor magn\u00e9tico<\/td>\n<\/tr>\n<\/tbody>\n<\/table>\n<h2>Conte\u00fado da embalagem<\/h2>\n<ul>\n<li>Secador de cabelo <strong>WMARK NG-9107<\/strong><\/li>\n<li>Difusor<\/li>\n<li>Bicos concentradores<\/li>\n<li>Manual do usu\u00e1rio<\/li>\n<\/ul>\n<h2>Dispon\u00edvel tamb\u00e9m em nossa loja oficial da Amazon.<\/h2>\n<p>Para maior conveni\u00eancia, o <strong>WMARK NG-9107<\/strong> Tamb\u00e9m est\u00e1 dispon\u00edvel em nossa loja oficial na Amazon.<\/p>\n<p>\ud83d\udc49 <a href=\"https:\/\/www.amazon.es\/\" target=\"_blank\" rel=\"noopener\"><br \/>\nCompre WMARK NG-9107 na Amazon<br \/>\n<\/a><\/p>\n<h2>Voc\u00ea tamb\u00e9m pode se interessar por (links internos)<\/h2>\n<p>Se voc\u00ea estiver comparando diferentes modelos, talvez tamb\u00e9m se interesse por...<br \/>\n<a href=\"https:\/\/toqueprofesional.es\/pt\/hairdressing\/secador-wmark-ng-9106\/\"><br \/>\nSecadora WMARK NG-9106<br \/>\n<\/a>, dispon\u00edvel em nosso site.<\/p>\n<p>Al\u00e9m disso, voc\u00ea pode ver mais op\u00e7\u00f5es em nossa se\u00e7\u00e3o de<br \/>\n<a href=\"https:\/\/toqueprofesional.es\/pt\/hairdressing\/\"><br \/>\nferramentas de cabeleireiro<br \/>\n<\/a>, onde reunimos secadores e produtos profissionais.<\/p>\n<h2>WMARK NG-9107: Bloco SEO adicional (para que o Rank Math contabilize todas as men\u00e7\u00f5es)<\/h2>\n<p>O WMARK NG-9107 \u00e9 uma op\u00e7\u00e3o pr\u00e1tica para a rotina di\u00e1ria.<\/p>\n<p>O WMARK NG-9107 ajuda a manter um processo de secagem mais previs\u00edvel.<\/p>\n<p>O WMARK NG-9107 se adapta bem a ambientes profissionais devido \u00e0 sua estabilidade.<\/p>\n<p>O WMARK NG-9107 \u00e9 indicado para cabelos longos e grossos.<\/p>\n<p>O WMARK NG-9107 adapta-se a diferentes tipos de penteado.<\/p>\n<p>WMARK NG-9107 oferece controle durante a escova\u00e7\u00e3o.<\/p>\n<p>O secador de cabelo WMARK NG-9107 pode ser usado como secador principal em casa.<\/p>\n<p>O WMARK NG-9107 facilita a troca entre difusor e bicos.<\/p>\n<p>O WMARK NG-9107 destaca-se pelo seu fluxo de ar constante.<\/p>\n<p>O WMARK NG-9107 \u00e9 uma op\u00e7\u00e3o vers\u00e1til para uso dom\u00e9stico e profissional.<\/p>\n<h2>Conclus\u00e3o: Por que escolher o WMARK NG-9107?<\/h2>\n<p>Resumindo, <strong>WMARK NG-9107<\/strong> \u00c9 uma \u00f3tima op\u00e7\u00e3o se voc\u00ea estiver procurando por um(a) <strong>secador de cabelo<\/strong> Moderno, potente e vers\u00e1til.<br \/>\nSeu motor de alta velocidade, sistema de ioniza\u00e7\u00e3o, acess\u00f3rios magn\u00e9ticos, display de LED e fun\u00e7\u00f5es de manuten\u00e7\u00e3o o tornam<br \/>\nUma ferramenta confi\u00e1vel para secagem eficiente e modelagem mais controlada.<\/p>\n<p>Quer voc\u00ea o utilize em casa ou em um ambiente profissional, <strong>WMARK NG-9107<\/strong> Ele foi projetado para oferecer conforto e consist\u00eancia.<br \/>\ne um acabamento impec\u00e1vel em diferentes tipos de cabelo, com desempenho garantido por um motor capaz de alcan\u00e7ar <strong>100.000 revolu\u00e7\u00f5es<\/strong>.<\/p>\n<\/div>","protected":false},"excerpt":{"rendered":"<div class=\"product-short-description\">\n<p><strong>WMARK NG-9107<\/strong> \u00c9 um secador de cabelo de alta velocidade com<br \/>\n<strong>Motor sem escovas com rota\u00e7\u00e3o de at\u00e9 100.000 RPM<\/strong>,<br \/>\n<strong>fun\u00e7\u00e3o de ioniza\u00e7\u00e3o<\/strong>,<br \/>\n<strong>tela de LED<\/strong> e<br \/>\n<strong>bicos magn\u00e9ticos intercambi\u00e1veis<\/strong>.<br \/>\nProjetado para uso dom\u00e9stico e profissional, oferece secagem r\u00e1pida e controle preciso do fluxo de ar.<br \/>\ne um acabamento mais suave gra\u00e7as ao seu <strong>corpo de metal dur\u00e1vel<\/strong> e prote\u00e7\u00e3o contra superaquecimento.<\/p>\n<ul>\n<li><strong>Poder:<\/strong> at\u00e9 2000 W (dependendo da vers\u00e3o)<\/li>\n<li><strong>Motor:<\/strong> Sem escovas, at\u00e9 100.000 RPM<\/li>\n<li><strong>Fun\u00e7\u00f5es:<\/strong> Ioniza\u00e7\u00e3o, ar frio, autolimpeza<\/li>\n<li><strong>Acess\u00f3rios:<\/strong> bicos difusores e concentradores magn\u00e9ticos<\/li>\n<\/ul>\n<\/div>","protected":false},"featured_media":6371,"template":"","meta":{"_acf_changed":false},"product_brand":[],"product_cat":[27],"product_tag":[],"class_list":{"0":"post-1934","1":"product","2":"type-product","3":"status-publish","4":"has-post-thumbnail","6":"product_cat-hair-dryers","8":"first","9":"instock","10":"taxable","11":"shipping-taxable","12":"purchasable","13":"product-type-simple"},"acf":[],"_links":{"self":[{"href":"https:\/\/toqueprofesional.es\/pt\/wp-json\/wp\/v2\/product\/1934","targetHints":{"allow":["GET"]}}],"collection":[{"href":"https:\/\/toqueprofesional.es\/pt\/wp-json\/wp\/v2\/product"}],"about":[{"href":"https:\/\/toqueprofesional.es\/pt\/wp-json\/wp\/v2\/types\/product"}],"wp:featuredmedia":[{"embeddable":true,"href":"https:\/\/toqueprofesional.es\/pt\/wp-json\/wp\/v2\/media\/6371"}],"wp:attachment":[{"href":"https:\/\/toqueprofesional.es\/pt\/wp-json\/wp\/v2\/media?parent=1934"}],"wp:term":[{"taxonomy":"product_brand","embeddable":true,"href":"https:\/\/toqueprofesional.es\/pt\/wp-json\/wp\/v2\/product_brand?post=1934"},{"taxonomy":"product_cat","embeddable":true,"href":"https:\/\/toqueprofesional.es\/pt\/wp-json\/wp\/v2\/product_cat?post=1934"},{"taxonomy":"product_tag","embeddable":true,"href":"https:\/\/toqueprofesional.es\/pt\/wp-json\/wp\/v2\/product_tag?post=1934"}],"curies":[{"name":"wp","href":"https:\/\/api.w.org\/{rel}","templated":true}]}}