{"id":197,"date":"2023-11-17T14:10:45","date_gmt":"2023-11-17T13:10:45","guid":{"rendered":"https:\/\/toqueprofesional.es\/?post_type=product&#038;p=197"},"modified":"2024-12-08T13:10:45","modified_gmt":"2024-12-08T12:10:45","slug":"spunlace-disposable-towels","status":"publish","type":"product","link":"https:\/\/toqueprofesional.es\/pt\/disposable\/spunlace-disposable-towels\/","title":{"rendered":"Toalha descart\u00e1vel SPUN-LACE 40X80 CM. 100 PCS."},"content":{"rendered":"<p>Altamente resistente e absorvente, vers\u00e1til, pr\u00e1tico e descart\u00e1vel. Totalmente sem l\u00e1tex, extra macio ao toque. Higiene do 100% em sua barbearia e sal\u00e3o de cabeleireiro, voc\u00ea n\u00e3o precisar\u00e1 mais lavar toalhas convencionais, mais higi\u00eanico e confort\u00e1vel. Composi\u00e7\u00e3o 50% viscose \/ 50% Poli\u00e9ster<\/p>","protected":false},"excerpt":{"rendered":"<p>Altamente resistente e absorvente, vers\u00e1til, pr\u00e1tico e descart\u00e1vel. Totalmente sem l\u00e1tex, extra macio ao toque. Higiene do 100% em sua barbearia e sal\u00e3o de cabeleireiro, voc\u00ea n\u00e3o precisar\u00e1 mais lavar toalhas convencionais, mais higi\u00eanico e confort\u00e1vel. Composi\u00e7\u00e3o 50% viscose \/ 50% Poli\u00e9ster<\/p>","protected":false},"featured_media":198,"template":"","meta":{"_acf_changed":false},"product_brand":[],"product_cat":[20],"product_tag":[],"class_list":{"0":"post-197","1":"product","2":"type-product","3":"status-publish","4":"has-post-thumbnail","6":"product_cat-disposable","8":"first","9":"instock","10":"taxable","11":"shipping-taxable","12":"purchasable","13":"product-type-simple"},"acf":[],"_links":{"self":[{"href":"https:\/\/toqueprofesional.es\/pt\/wp-json\/wp\/v2\/product\/197","targetHints":{"allow":["GET"]}}],"collection":[{"href":"https:\/\/toqueprofesional.es\/pt\/wp-json\/wp\/v2\/product"}],"about":[{"href":"https:\/\/toqueprofesional.es\/pt\/wp-json\/wp\/v2\/types\/product"}],"wp:featuredmedia":[{"embeddable":true,"href":"https:\/\/toqueprofesional.es\/pt\/wp-json\/wp\/v2\/media\/198"}],"wp:attachment":[{"href":"https:\/\/toqueprofesional.es\/pt\/wp-json\/wp\/v2\/media?parent=197"}],"wp:term":[{"taxonomy":"product_brand","embeddable":true,"href":"https:\/\/toqueprofesional.es\/pt\/wp-json\/wp\/v2\/product_brand?post=197"},{"taxonomy":"product_cat","embeddable":true,"href":"https:\/\/toqueprofesional.es\/pt\/wp-json\/wp\/v2\/product_cat?post=197"},{"taxonomy":"product_tag","embeddable":true,"href":"https:\/\/toqueprofesional.es\/pt\/wp-json\/wp\/v2\/product_tag?post=197"}],"curies":[{"name":"wp","href":"https:\/\/api.w.org\/{rel}","templated":true}]}}