{"id":2034,"date":"2025-06-06T22:10:11","date_gmt":"2025-06-06T20:10:11","guid":{"rendered":"https:\/\/toqueprofesional.es\/?post_type=product&#038;p=2034"},"modified":"2026-02-19T17:39:22","modified_gmt":"2026-02-19T16:39:22","slug":"maquina-profesional-wmark-ng-9004","status":"publish","type":"product","link":"https:\/\/toqueprofesional.es\/pt\/hairdressing\/maquina-profesional-wmark-ng-9004\/","title":{"rendered":"M\u00e1quina de cortar cabelo WMARK NG-9004"},"content":{"rendered":"<section class=\"product-description\">\n<div class=\"container\">\n<h1>Por que a WMARK NG-9004 \u00e9 a escolha ideal para barbearias profissionais em 2026?<\/h1>\n<p>O setor de cuidados pessoais masculinos evoluiu para um n\u00edvel sem precedentes de exig\u00eancia t\u00e9cnica. Nesse cen\u00e1rio, escolher um <strong>m\u00e1quina de cortar cabelo<\/strong> N\u00e3o se trata apenas de est\u00e9tica, mas de engenharia aplicada ao servi\u00e7o. <strong>WMARK NG-9004<\/strong> Consolidou-se como uma das ferramentas mais completas, equilibrando pot\u00eancia bruta com uma precis\u00e3o de execu\u00e7\u00e3o que poucos dispositivos na sua faixa de pre\u00e7o conseguem igualar.<\/p>\n<p>Este modelo n\u00e3o \u00e9 apenas um <strong>m\u00e1quina de cortar cabelo profissional<\/strong> Mais dispon\u00edvel no mercado, \u00e9 uma solu\u00e7\u00e3o completa projetada para suportar o ritmo fren\u00e9tico de um sal\u00e3o de alto volume. Do seu chassi balanceado ao seu avan\u00e7ado sistema de acionamento magn\u00e9tico, cada detalhe da NG-9004 foi projetado para otimizar o tempo do barbeiro e maximizar a satisfa\u00e7\u00e3o do cliente. Abaixo, exploraremos em detalhes por que esta m\u00e1quina est\u00e1 redefinindo os padr\u00f5es do setor. <strong>barbearia<\/strong> moderno.<\/p>\n<h2>1. Evolu\u00e7\u00e3o do motor: Pot\u00eancia magn\u00e9tica a 10.000 RPM<\/h2>\n<p>O cora\u00e7\u00e3o de qualquer ferramenta de corte \u00e9 o seu motor. Enquanto as m\u00e1quinas tradicionais normalmente operam na faixa de 6.000 a 7.000 RPM, <strong>WMARK NG-9004<\/strong> integra um <strong>motor magn\u00e9tico<\/strong> alto desempenho que atinge <strong>10.000 RPM<\/strong>. Mas que impacto isso tem no trabalho di\u00e1rio?<\/p>\n<p>Uma velocidade de oscila\u00e7\u00e3o mais alta permite que a l\u00e2mina fa\u00e7a cortes muito mais precisos em uma \u00fanica passada. Isso \u00e9 especialmente importante ao trabalhar com cabelos grossos, densos ou de dif\u00edcil acesso. Ao reduzir o n\u00famero de passadas necess\u00e1rias, o profissional minimiza a irrita\u00e7\u00e3o do couro cabeludo e reduz significativamente o tempo gasto em cada servi\u00e7o. Al\u00e9m disso, esses motores magn\u00e9ticos modernos foram otimizados para gerar menos calor, permitindo que... <strong>WMARK NG-9004<\/strong> Manter um desempenho est\u00e1vel durante horas de uso cont\u00ednuo.<\/p>\n<p>A gest\u00e3o de <strong>torque<\/strong> Isso \u00e9 particularmente not\u00e1vel neste modelo. Gra\u00e7as a um sistema de controle de pot\u00eancia, a m\u00e1quina n\u00e3o trava nem diminui a velocidade devido \u00e0 resist\u00eancia do cabelo, mantendo uma velocidade constante, o que \u00e9 vital para alcan\u00e7ar um bom resultado. <strong>degradado<\/strong> Uniforme e sem marcas vis\u00edveis.<\/p>\n<h2>2. Blade Engineering: A Revolu\u00e7\u00e3o do Revestimento DLC<\/h2>\n<p>No mundo da cabeleireira profissional, o calor \u00e9 o principal inimigo. Uma l\u00e2mina superaquecida n\u00e3o s\u00f3 causa desconforto ao cliente, como tamb\u00e9m acelera o desgaste do motor. A solu\u00e7\u00e3o da WMARK para este modelo \u00e9 a implementa\u00e7\u00e3o de tecnologia. <strong>DLC (Carbono Tipo Diamante)<\/strong> em suas l\u00e2minas de a\u00e7o inoxid\u00e1vel.<\/p>\n<p>Este revestimento especial imita a dureza e as propriedades de baixo atrito do diamante. Ao reduzir o atrito entre as l\u00e2minas fixas e m\u00f3veis, a cabe\u00e7a opera a uma temperatura muito mais baixa do que os modelos convencionais de a\u00e7o. O resultado \u00e9 um deslizamento suave, quase sedoso, que facilita t\u00e9cnicas complexas de sombreamento e polimento. Al\u00e9m disso, a durabilidade da l\u00e2mina \u00e9 significativamente aumentada, garantindo que... <strong>WMARK NG-9004<\/strong> Mantenha a precis\u00e3o cir\u00fargica por muito mais tempo antes de precisar de uma substitui\u00e7\u00e3o.<\/p>\n<h2>3. Dominando o Fade: Alavanca de Ajuste e Versatilidade<\/h2>\n<p>Para um barbeiro especializado em <strong>desbota<\/strong> (Para cortes degrad\u00ea), o controle preciso do comprimento \u00e9 fundamental. A alavanca de ajuste da NG-9004 possui um sistema de travamento seguro que permite ajustar a altura de corte com precis\u00e3o e seguran\u00e7a. Esse recurso \u00e9 essencial para criar transi\u00e7\u00f5es suaves entre diferentes comprimentos de cabelo sem a necessidade de trocar constantemente os pentes guia.<\/p>\n<p>A versatilidade deste equipamento permite que ele seja usado tanto para o desbaste inicial de grandes volumes quanto para o trabalho de <strong>Aparador<\/strong> em \u00e1reas delicadas. Sua capacidade de fazer um ajuste. <strong>lacuna zero<\/strong> (Espa\u00e7o zero) torna-a a ferramenta preferida para quem busca acabamentos extremamente rente, quase t\u00e3o suaves quanto os de uma navalha profissional, mas com a robustez de uma m\u00e1quina de cortar cabelo.<\/p>\n<h2>4. Autonomia e Intelig\u00eancia na Carga<\/h2>\n<p>A transi\u00e7\u00e3o para ferramentas sem fio eliminou as barreiras f\u00edsicas no sal\u00e3o de beleza. <strong>WMARK NG-9004<\/strong> Ele \u00e9 equipado com uma bateria de \u00edon-l\u00edtio de 2.600 mAh, o que se traduz em uma <strong>autonomia<\/strong> At\u00e9 120 minutos reais. Isso permite cobrir uma manh\u00e3 inteira sem a necessidade de cabos.<\/p>\n<p>Um fator diferenciador \u00e9 a sua flexibilidade de carregamento. O kit inclui uma base de carregamento profissional que mant\u00e9m o espa\u00e7o de trabalho organizado e a m\u00e1quina sempre pronta para uso. No entanto, para profissionais que viajam ou prestam servi\u00e7os em campo, a compatibilidade com <strong>USB Tipo-C<\/strong> Isso representa uma enorme vantagem log\u00edstica. N\u00e3o h\u00e1 mais necessidade de carregar transformadores pesados; qualquer cabo universal pode alimentar o dispositivo em caso de emerg\u00eancia.<\/p>\n<h2>5. Ergonomia: Preven\u00e7\u00e3o da Fadiga Cr\u00f4nica<\/h2>\n<p>Muitos se esquecem disso. <strong>m\u00e1quina de cortar cabelo<\/strong> Uma guitarra pesada ou mal equilibrada pode causar les\u00f5es a longo prazo, como tendinite ou s\u00edndrome do t\u00fanel do carpo. O design da NG-9004 foi esculpido levando em considera\u00e7\u00e3o a anatomia da m\u00e3o. Seu centro de gravidade \u00e9 distribu\u00eddo de forma que o pulso n\u00e3o seja sobrecarregado durante os movimentos de dedilhado ou balan\u00e7o necess\u00e1rios para os fades.<\/p>\n<p>A ader\u00eancia antiderrapante e a redu\u00e7\u00e3o da vibra\u00e7\u00e3o do motor magn\u00e9tico contribuem para uma experi\u00eancia de uso muito mais agrad\u00e1vel. Ao segurar este produto <strong>m\u00e1quina de cortar cabelo<\/strong>, a sensa\u00e7\u00e3o de controle \u00e9 total, permitindo um <strong>manobrabilidade<\/strong> Excepcional mesmo nas \u00e1reas mais complexas, como o contorno das orelhas ou a nuca.<\/p>\n<h2>6. Compara\u00e7\u00e3o T\u00e9cnica e Valor Real<\/h2>\n<p>No mercado atual, a concorr\u00eancia \u00e9 acirrada. No entanto, ao analisarmos a rela\u00e7\u00e3o custo-benef\u00edcio, o NG-9004 se destaca das marcas tradicionais que custam o dobro. Abaixo, segue uma tabela comparativa de suas principais especifica\u00e7\u00f5es:<\/p>\n<table style=\"width: 100%; border-collapse: collapse; margin: 25px 0;\" border=\"1\">\n<thead>\n<tr style=\"background-color: #1a1a1a; color: #ffffff;\">\n<th style=\"padding: 12px;\">Caracter\u00edstica<\/th>\n<th style=\"padding: 12px;\">WMARK NG-9004<\/th>\n<th style=\"padding: 12px;\">Compet\u00eancia padr\u00e3o<\/th>\n<\/tr>\n<\/thead>\n<tbody>\n<tr>\n<td style=\"padding: 10px; font-weight: bold;\">Rota\u00e7\u00e3o do motor<\/td>\n<td style=\"padding: 10px;\">10.000 RPM (Magn\u00e9tico)<\/td>\n<td style=\"padding: 10px;\">6.500 \u2013 7.500 RPM<\/td>\n<\/tr>\n<tr>\n<td style=\"padding: 10px; font-weight: bold;\">Tipo de l\u00e2mina<\/td>\n<td style=\"padding: 10px;\">DLC (Semelhante a Diamante)<\/td>\n<td style=\"padding: 10px;\">A\u00e7o inoxid\u00e1vel simples<\/td>\n<\/tr>\n<tr>\n<td style=\"padding: 10px; font-weight: bold;\">Fardo<\/td>\n<td style=\"padding: 10px;\">Dock + USB-C<\/td>\n<td style=\"padding: 10px;\">Transformador propriet\u00e1rio<\/td>\n<\/tr>\n<tr>\n<td style=\"padding: 10px; font-weight: bold;\">Bateria<\/td>\n<td style=\"padding: 10px;\">Bateria de l\u00edtio de 2.600 mAh<\/td>\n<td style=\"padding: 10px;\">2.000 mAh<\/td>\n<\/tr>\n<\/tbody>\n<\/table>\n<h2>7. Guia de Manuten\u00e7\u00e3o para o Profissional Exigente<\/h2>\n<p>Para garantir que seu <strong>WMARK NG-9004<\/strong> Para garantir o funcionamento prolongado do motor 100%, a manuten\u00e7\u00e3o \u00e9 essencial. Por se tratar de um motor de alta frequ\u00eancia, o atrito deve ser monitorado diariamente. Recomenda-se aplicar duas gotas de \u00f3leo lubrificante antes de iniciar cada turno e remover os cabelos com a escova ap\u00f3s cada manuten\u00e7\u00e3o.<\/p>\n<p>O uso de sprays desinfetantes e refrigerantes tamb\u00e9m \u00e9 aconselh\u00e1vel entre os clientes, pois isso ajuda a manter as propriedades t\u00e9rmicas da l\u00e2mina DLC. A manuten\u00e7\u00e3o adequada n\u00e3o s\u00f3 prolonga a vida \u00fatil da bateria, como tamb\u00e9m garante que... <strong>motor magn\u00e9tico<\/strong> N\u00e3o pratique trabalho for\u00e7ado.<\/p>\n<h2>8. Conclus\u00e3o: Este \u00e9 o melhor investimento para o seu sal\u00e3o?<\/h2>\n<p>A resposta curta \u00e9 sim. <strong>WMARK NG-9004<\/strong> Oferece um equil\u00edbrio t\u00e9cnico que satisfaz tanto o barbeiro veterano quanto o estudante da academia. Seu poder de <strong>10.000 RPM<\/strong>, Isso, aliado \u00e0 durabilidade de seus materiais de alta qualidade, o coloca no topo de sua categoria em 2026.<\/p>\n<p>Se voc\u00ea busca uma ferramenta confi\u00e1vel que n\u00e3o te deixe na m\u00e3o durante os picos de trabalho e que ainda adicione um toque de design moderno \u00e0 sua esta\u00e7\u00e3o de trabalho, este modelo \u00e9 a escolha ideal. N\u00e3o deixe que ferramentas de baixa qualidade limitem seu potencial criativo.<\/p>\n<p style=\"text-align: center; margin-top: 30px;\">\n        <strong>Adquira seu WMARK NG-9004 na Amazon:<\/strong><br \/>\n        <a href=\"https:\/\/www.amazon.es\/dp\/B0FWMD4KY9\" target=\"_blank\" rel=\"noopener noreferrer\" style=\"display: inline-block; padding: 15px 25px; background-color: #ff9900; color: #fff; text-decoration: none; border-radius: 5px; font-weight: bold; margin-top: 10px;\">Compre na Amazon (Entrega R\u00e1pida)<\/a>\n    <\/p>\n<hr>\n<p>Se voc\u00ea quiser explorar outras variantes poderosas, fique \u00e0 vontade para conferir nossa an\u00e1lise do <a href=\"https:\/\/toqueprofesional.es\/pt\/hairdressing\/clippers\/wmark-ng-9006\/?v=3f0e951cdec5\">Marca\u00e7\u00e3o WNG-9006<\/a>, um complemento ideal para o seu conjunto de ferramentas profissionais.<\/p>\n<\/div>\n<\/section>","protected":false},"excerpt":{"rendered":"<p>O <strong>WMARK NG-9004<\/strong> \u00c9 uma m\u00e1quina profissional de <strong>corte magn\u00e9tico<\/strong> com motor <strong>MAGLEV de 10.000 RPM<\/strong>.<br \/>\nOferece cortes precisos e r\u00e1pidos gra\u00e7as \u00e0 sua l\u00e2mina com revestimento DLC e alavanca de 4 posi\u00e7\u00f5es.<br \/>\nInclui base de carregamento, cabo tipo C e 2 capas magn\u00e9ticas intercambi\u00e1veis, ideal para barbearias e sal\u00f5es de beleza.<\/p>","protected":false},"featured_media":6364,"template":"","meta":{"_acf_changed":false},"product_brand":[206],"product_cat":[15,25],"product_tag":[204,201,202,182,200,191,205,181],"class_list":{"0":"post-2034","1":"product","2":"type-product","3":"status-publish","4":"has-post-thumbnail","6":"product_brand-wmark","7":"product_cat-hairdressing","8":"product_cat-clippers","9":"product_tag-barber","10":"product_tag-barberia","11":"product_tag-clipper","12":"product_tag-clippers","13":"product_tag-maquina","14":"product_tag-ng-9106","15":"product_tag-recortadora","16":"product_tag-wmark","18":"first","19":"instock","20":"taxable","21":"shipping-taxable","22":"purchasable","23":"product-type-simple"},"acf":[],"_links":{"self":[{"href":"https:\/\/toqueprofesional.es\/pt\/wp-json\/wp\/v2\/product\/2034","targetHints":{"allow":["GET"]}}],"collection":[{"href":"https:\/\/toqueprofesional.es\/pt\/wp-json\/wp\/v2\/product"}],"about":[{"href":"https:\/\/toqueprofesional.es\/pt\/wp-json\/wp\/v2\/types\/product"}],"wp:featuredmedia":[{"embeddable":true,"href":"https:\/\/toqueprofesional.es\/pt\/wp-json\/wp\/v2\/media\/6364"}],"wp:attachment":[{"href":"https:\/\/toqueprofesional.es\/pt\/wp-json\/wp\/v2\/media?parent=2034"}],"wp:term":[{"taxonomy":"product_brand","embeddable":true,"href":"https:\/\/toqueprofesional.es\/pt\/wp-json\/wp\/v2\/product_brand?post=2034"},{"taxonomy":"product_cat","embeddable":true,"href":"https:\/\/toqueprofesional.es\/pt\/wp-json\/wp\/v2\/product_cat?post=2034"},{"taxonomy":"product_tag","embeddable":true,"href":"https:\/\/toqueprofesional.es\/pt\/wp-json\/wp\/v2\/product_tag?post=2034"}],"curies":[{"name":"wp","href":"https:\/\/api.w.org\/{rel}","templated":true}]}}