{"id":287,"date":"2023-11-20T14:28:39","date_gmt":"2023-11-20T13:28:39","guid":{"rendered":"https:\/\/toqueprofesional.es\/?post_type=product&#038;p=287"},"modified":"2024-12-08T13:10:41","modified_gmt":"2024-12-08T12:10:41","slug":"disposable-cellulose-towel","status":"publish","type":"product","link":"https:\/\/toqueprofesional.es\/pt\/disposable\/disposable-cellulose-towel\/","title":{"rendered":"Toalha CELULOSE 40X80 CM. 100 unidades"},"content":{"rendered":"<p>Saco com 100 toalhas descart\u00e1veis de celulose. Higiene do 100% na sua sala, voc\u00ea n\u00e3o precisar\u00e1 mais lavar toalhas convencionais, mais higi\u00eanico e confort\u00e1vel. Composi\u00e7\u00e3o celulose 100%.<\/p>","protected":false},"excerpt":{"rendered":"<p>Saco com 100 toalhas descart\u00e1veis de celulose. Higiene do 100% na sua sala, voc\u00ea n\u00e3o precisar\u00e1 mais lavar toalhas convencionais, mais higi\u00eanico e confort\u00e1vel. Composi\u00e7\u00e3o celulose 100%.<\/p>","protected":false},"featured_media":1183,"template":"","meta":{"_acf_changed":false},"product_brand":[],"product_cat":[20],"product_tag":[],"class_list":{"0":"post-287","1":"product","2":"type-product","3":"status-publish","4":"has-post-thumbnail","6":"product_cat-disposable","8":"first","9":"instock","10":"taxable","11":"shipping-taxable","12":"purchasable","13":"product-type-simple"},"acf":[],"_links":{"self":[{"href":"https:\/\/toqueprofesional.es\/pt\/wp-json\/wp\/v2\/product\/287","targetHints":{"allow":["GET"]}}],"collection":[{"href":"https:\/\/toqueprofesional.es\/pt\/wp-json\/wp\/v2\/product"}],"about":[{"href":"https:\/\/toqueprofesional.es\/pt\/wp-json\/wp\/v2\/types\/product"}],"wp:featuredmedia":[{"embeddable":true,"href":"https:\/\/toqueprofesional.es\/pt\/wp-json\/wp\/v2\/media\/1183"}],"wp:attachment":[{"href":"https:\/\/toqueprofesional.es\/pt\/wp-json\/wp\/v2\/media?parent=287"}],"wp:term":[{"taxonomy":"product_brand","embeddable":true,"href":"https:\/\/toqueprofesional.es\/pt\/wp-json\/wp\/v2\/product_brand?post=287"},{"taxonomy":"product_cat","embeddable":true,"href":"https:\/\/toqueprofesional.es\/pt\/wp-json\/wp\/v2\/product_cat?post=287"},{"taxonomy":"product_tag","embeddable":true,"href":"https:\/\/toqueprofesional.es\/pt\/wp-json\/wp\/v2\/product_tag?post=287"}],"curies":[{"name":"wp","href":"https:\/\/api.w.org\/{rel}","templated":true}]}}