{"id":291,"date":"2023-11-20T14:37:49","date_gmt":"2023-11-20T13:37:49","guid":{"rendered":"https:\/\/toqueprofesional.es\/?post_type=product&#038;p=291"},"modified":"2024-12-08T13:10:37","modified_gmt":"2024-12-08T12:10:37","slug":"eurostil-pack-5-rolls-neck-wrap-paper","status":"publish","type":"product","link":"https:\/\/toqueprofesional.es\/pt\/disposable\/eurostil-pack-5-rolls-neck-wrap-paper\/","title":{"rendered":"ROLO DE PAPEL EL\u00c1STICO PESCO\u00c7O 100 SERVI\u00c7OS (PACK 5 ROLOS)"},"content":{"rendered":"<p>O papel para pesco\u00e7o \u00e9 utilizado por barbeiros e cabeleireiros profissionais de todo o mundo para prevenir coceira no pesco\u00e7o, proporcionando um atendimento muito mais profissional e agrad\u00e1vel aos seus clientes. Fabricado em material el\u00e1stico de alta qualidade com borda adesiva, cabe em qualquer pesco\u00e7o sem incomodar, muito f\u00e1cil de colocar. , evitar\u00e1 a coceira causada pela queda de cabelo no pesco\u00e7o quando cortamos o cabelo. 100 servi\u00e7os cada rolo totalizam 500 usos. Papel el\u00e1stico com adesivo<\/p>","protected":false},"excerpt":{"rendered":"<p>O papel para pesco\u00e7o \u00e9 utilizado por barbeiros e cabeleireiros profissionais de todo o mundo para prevenir coceira no pesco\u00e7o, proporcionando um atendimento muito mais profissional e agrad\u00e1vel aos seus clientes. Feito de material el\u00e1stico de alta qualidade com borda adesiva, cabe em qualquer pesco\u00e7o sem incomodar, muito f\u00e1cil de colocar. , evitar\u00e1 [\u2026]<\/p>","protected":false},"featured_media":1081,"template":"","meta":{"_acf_changed":false},"product_brand":[],"product_cat":[20],"product_tag":[],"class_list":{"0":"post-291","1":"product","2":"type-product","3":"status-publish","4":"has-post-thumbnail","6":"product_cat-disposable","8":"first","9":"instock","10":"taxable","11":"shipping-taxable","12":"purchasable","13":"product-type-simple"},"acf":[],"_links":{"self":[{"href":"https:\/\/toqueprofesional.es\/pt\/wp-json\/wp\/v2\/product\/291","targetHints":{"allow":["GET"]}}],"collection":[{"href":"https:\/\/toqueprofesional.es\/pt\/wp-json\/wp\/v2\/product"}],"about":[{"href":"https:\/\/toqueprofesional.es\/pt\/wp-json\/wp\/v2\/types\/product"}],"wp:featuredmedia":[{"embeddable":true,"href":"https:\/\/toqueprofesional.es\/pt\/wp-json\/wp\/v2\/media\/1081"}],"wp:attachment":[{"href":"https:\/\/toqueprofesional.es\/pt\/wp-json\/wp\/v2\/media?parent=291"}],"wp:term":[{"taxonomy":"product_brand","embeddable":true,"href":"https:\/\/toqueprofesional.es\/pt\/wp-json\/wp\/v2\/product_brand?post=291"},{"taxonomy":"product_cat","embeddable":true,"href":"https:\/\/toqueprofesional.es\/pt\/wp-json\/wp\/v2\/product_cat?post=291"},{"taxonomy":"product_tag","embeddable":true,"href":"https:\/\/toqueprofesional.es\/pt\/wp-json\/wp\/v2\/product_tag?post=291"}],"curies":[{"name":"wp","href":"https:\/\/api.w.org\/{rel}","templated":true}]}}