{"id":292,"date":"2024-07-09T19:14:48","date_gmt":"2024-07-09T17:14:48","guid":{"rendered":"https:\/\/toqueprofesional.es\/?post_type=product&#038;p=292"},"modified":"2024-10-20T17:45:47","modified_gmt":"2024-10-20T15:45:47","slug":"eurostil-pack-neck-wrap-paper-black","status":"publish","type":"product","link":"https:\/\/toqueprofesional.es\/pt\/disposable\/eurostil-pack-neck-wrap-paper-black\/","title":{"rendered":"Papel de pesco\u00e7o (5 rolos)"},"content":{"rendered":"<p>O papel para pesco\u00e7o \u00e9 feito de material el\u00e1stico de alta qualidade com borda adesiva. Ajusta-se a cada pesco\u00e7o sem incomodar e \u00e9 muito f\u00e1cil de colocar.<\/p>\n<p>Evitar\u00e1 a coceira causada pela queda de cabelo no pesco\u00e7o quando cortamos o cabelo.<\/p>\n<p>Projetado especialmente para sal\u00f5es de cabeleireiro e barbearias profissionais<br \/>\nEvite coceira e ard\u00eancia no pesco\u00e7o<br \/>\nEl\u00e1stico e ajust\u00e1vel ao pesco\u00e7o de forma f\u00e1cil, confort\u00e1vel e r\u00e1pida<br \/>\nHigi\u00eanico e descart\u00e1vel<br \/>\nMelhor imagem para o seu neg\u00f3cio<\/p>","protected":false},"excerpt":{"rendered":"<p>O papel para pesco\u00e7o \u00e9 feito de material el\u00e1stico de alta qualidade com borda adesiva. Cabe em qualquer pesco\u00e7o sem atrapalhar e \u00e9 muito f\u00e1cil de colocar. Evitar\u00e1 a coceira causada pela queda de cabelo no pesco\u00e7o quando cortamos o cabelo. Projetado especialmente para cabeleireiros e barbearias profissionais Previne coceira e [\u2026]<\/p>","protected":false},"featured_media":1573,"template":"","meta":{"_acf_changed":false},"product_brand":[],"product_cat":[20],"product_tag":[],"class_list":{"0":"post-292","1":"product","2":"type-product","3":"status-publish","4":"has-post-thumbnail","6":"product_cat-disposable","8":"first","9":"instock","10":"taxable","11":"shipping-taxable","12":"purchasable","13":"product-type-simple"},"acf":[],"_links":{"self":[{"href":"https:\/\/toqueprofesional.es\/pt\/wp-json\/wp\/v2\/product\/292","targetHints":{"allow":["GET"]}}],"collection":[{"href":"https:\/\/toqueprofesional.es\/pt\/wp-json\/wp\/v2\/product"}],"about":[{"href":"https:\/\/toqueprofesional.es\/pt\/wp-json\/wp\/v2\/types\/product"}],"wp:featuredmedia":[{"embeddable":true,"href":"https:\/\/toqueprofesional.es\/pt\/wp-json\/wp\/v2\/media\/1573"}],"wp:attachment":[{"href":"https:\/\/toqueprofesional.es\/pt\/wp-json\/wp\/v2\/media?parent=292"}],"wp:term":[{"taxonomy":"product_brand","embeddable":true,"href":"https:\/\/toqueprofesional.es\/pt\/wp-json\/wp\/v2\/product_brand?post=292"},{"taxonomy":"product_cat","embeddable":true,"href":"https:\/\/toqueprofesional.es\/pt\/wp-json\/wp\/v2\/product_cat?post=292"},{"taxonomy":"product_tag","embeddable":true,"href":"https:\/\/toqueprofesional.es\/pt\/wp-json\/wp\/v2\/product_tag?post=292"}],"curies":[{"name":"wp","href":"https:\/\/api.w.org\/{rel}","templated":true}]}}