{"id":294,"date":"2023-11-20T14:48:09","date_gmt":"2023-11-20T13:48:09","guid":{"rendered":"https:\/\/toqueprofesional.es\/?post_type=product&#038;p=294"},"modified":"2025-08-17T18:15:22","modified_gmt":"2025-08-17T16:15:22","slug":"waxing-spatula-100-pcs","status":"publish","type":"product","link":"https:\/\/toqueprofesional.es\/pt\/disposable\/waxing-spatula-100-pcs\/","title":{"rendered":"ESP\u00c1TULA FACIAL DE MADEIRA 100 UNIDADES."},"content":{"rendered":"<p>Caixa com 100 esp\u00e1tulas de bigode com 15cm de comprimento. Ideal para depila\u00e7\u00e3o em \u00e1reas pequenas e confinadas.<\/p>","protected":false},"excerpt":{"rendered":"<p>Caixa com 100 esp\u00e1tulas de bigode com 15cm de comprimento. Ideal para depila\u00e7\u00e3o em \u00e1reas pequenas e confinadas.<\/p>","protected":false},"featured_media":2040,"template":"","meta":{"_acf_changed":false},"product_brand":[],"product_cat":[20],"product_tag":[],"class_list":{"0":"post-294","1":"product","2":"type-product","3":"status-publish","4":"has-post-thumbnail","6":"product_cat-disposable","8":"first","9":"instock","10":"taxable","11":"shipping-taxable","12":"purchasable","13":"product-type-simple"},"acf":[],"_links":{"self":[{"href":"https:\/\/toqueprofesional.es\/pt\/wp-json\/wp\/v2\/product\/294","targetHints":{"allow":["GET"]}}],"collection":[{"href":"https:\/\/toqueprofesional.es\/pt\/wp-json\/wp\/v2\/product"}],"about":[{"href":"https:\/\/toqueprofesional.es\/pt\/wp-json\/wp\/v2\/types\/product"}],"wp:featuredmedia":[{"embeddable":true,"href":"https:\/\/toqueprofesional.es\/pt\/wp-json\/wp\/v2\/media\/2040"}],"wp:attachment":[{"href":"https:\/\/toqueprofesional.es\/pt\/wp-json\/wp\/v2\/media?parent=294"}],"wp:term":[{"taxonomy":"product_brand","embeddable":true,"href":"https:\/\/toqueprofesional.es\/pt\/wp-json\/wp\/v2\/product_brand?post=294"},{"taxonomy":"product_cat","embeddable":true,"href":"https:\/\/toqueprofesional.es\/pt\/wp-json\/wp\/v2\/product_cat?post=294"},{"taxonomy":"product_tag","embeddable":true,"href":"https:\/\/toqueprofesional.es\/pt\/wp-json\/wp\/v2\/product_tag?post=294"}],"curies":[{"name":"wp","href":"https:\/\/api.w.org\/{rel}","templated":true}]}}