{"id":298,"date":"2023-11-20T14:57:36","date_gmt":"2023-11-20T13:57:36","guid":{"rendered":"https:\/\/toqueprofesional.es\/?post_type=product&#038;p=298"},"modified":"2025-08-18T12:35:00","modified_gmt":"2025-08-18T10:35:00","slug":"aluminium-foil-roll-high-light","status":"publish","type":"product","link":"https:\/\/toqueprofesional.es\/pt\/disposable\/aluminium-foil-roll-high-light\/","title":{"rendered":"ROLO DE FOLHA DE ALUM\u00cdNIO PRATA 12 CM. X 70 M."},"content":{"rendered":"<p>Rolo de folha de alum\u00ednio mecha bobina de papel prateada para cabeleireiro 12 CM 70 metros. Alto grau de pureza do alum\u00ednio utilizado. Serra de corte embutida na aba.<\/p>","protected":false},"excerpt":{"rendered":"<p>Rolo de folha de alum\u00ednio mecha bobina de papel prateada para cabeleireiro 12 CM 70 metros. Alto grau de pureza do alum\u00ednio utilizado. Serra de corte embutida na aba.<\/p>","protected":false},"featured_media":1272,"template":"","meta":{"_acf_changed":false},"product_brand":[],"product_cat":[36,20],"product_tag":[],"class_list":{"0":"post-298","1":"product","2":"type-product","3":"status-publish","4":"has-post-thumbnail","6":"product_cat-coloring","7":"product_cat-disposable","9":"first","10":"instock","11":"taxable","12":"shipping-taxable","13":"purchasable","14":"product-type-simple"},"acf":[],"_links":{"self":[{"href":"https:\/\/toqueprofesional.es\/pt\/wp-json\/wp\/v2\/product\/298","targetHints":{"allow":["GET"]}}],"collection":[{"href":"https:\/\/toqueprofesional.es\/pt\/wp-json\/wp\/v2\/product"}],"about":[{"href":"https:\/\/toqueprofesional.es\/pt\/wp-json\/wp\/v2\/types\/product"}],"wp:featuredmedia":[{"embeddable":true,"href":"https:\/\/toqueprofesional.es\/pt\/wp-json\/wp\/v2\/media\/1272"}],"wp:attachment":[{"href":"https:\/\/toqueprofesional.es\/pt\/wp-json\/wp\/v2\/media?parent=298"}],"wp:term":[{"taxonomy":"product_brand","embeddable":true,"href":"https:\/\/toqueprofesional.es\/pt\/wp-json\/wp\/v2\/product_brand?post=298"},{"taxonomy":"product_cat","embeddable":true,"href":"https:\/\/toqueprofesional.es\/pt\/wp-json\/wp\/v2\/product_cat?post=298"},{"taxonomy":"product_tag","embeddable":true,"href":"https:\/\/toqueprofesional.es\/pt\/wp-json\/wp\/v2\/product_tag?post=298"}],"curies":[{"name":"wp","href":"https:\/\/api.w.org\/{rel}","templated":true}]}}