{"id":299,"date":"2024-07-09T19:14:47","date_gmt":"2024-07-09T17:14:47","guid":{"rendered":"https:\/\/toqueprofesional.es\/?post_type=product&#038;p=299"},"modified":"2024-09-18T11:02:12","modified_gmt":"2024-09-18T09:02:12","slug":"industrial-aluminum-foil","status":"publish","type":"product","link":"https:\/\/toqueprofesional.es\/pt\/disposable\/industrial-aluminum-foil\/","title":{"rendered":"Rolo de papel alum\u00ednio, 30 cm x 300 metros"},"content":{"rendered":"<p>Ideal para real\u00e7ar e outros tratamentos de cor. Este rolo de alum\u00ednio de alta qualidade garante um \u00f3timo isolamento t\u00e9rmico, permitindo que a cor penetre uniformemente no cabelo. Seu tamanho e espessura s\u00e3o perfeitos para uso profissional em sal\u00f5es de cabeleireiro.<\/p>","protected":false},"excerpt":{"rendered":"<p>Ideal para real\u00e7ar e outros tratamentos de cor. Este rolo de alum\u00ednio de alta qualidade garante um \u00f3timo isolamento t\u00e9rmico, permitindo que a cor penetre uniformemente no cabelo. Seu tamanho e espessura s\u00e3o perfeitos para uso profissional em sal\u00f5es de cabeleireiro.<\/p>","protected":false},"featured_media":1574,"template":"","meta":{"_acf_changed":false},"product_brand":[],"product_cat":[36,20],"product_tag":[],"class_list":{"0":"post-299","1":"product","2":"type-product","3":"status-publish","4":"has-post-thumbnail","6":"product_cat-coloring","7":"product_cat-disposable","9":"first","10":"instock","11":"taxable","12":"shipping-taxable","13":"purchasable","14":"product-type-simple"},"acf":[],"_links":{"self":[{"href":"https:\/\/toqueprofesional.es\/pt\/wp-json\/wp\/v2\/product\/299","targetHints":{"allow":["GET"]}}],"collection":[{"href":"https:\/\/toqueprofesional.es\/pt\/wp-json\/wp\/v2\/product"}],"about":[{"href":"https:\/\/toqueprofesional.es\/pt\/wp-json\/wp\/v2\/types\/product"}],"wp:featuredmedia":[{"embeddable":true,"href":"https:\/\/toqueprofesional.es\/pt\/wp-json\/wp\/v2\/media\/1574"}],"wp:attachment":[{"href":"https:\/\/toqueprofesional.es\/pt\/wp-json\/wp\/v2\/media?parent=299"}],"wp:term":[{"taxonomy":"product_brand","embeddable":true,"href":"https:\/\/toqueprofesional.es\/pt\/wp-json\/wp\/v2\/product_brand?post=299"},{"taxonomy":"product_cat","embeddable":true,"href":"https:\/\/toqueprofesional.es\/pt\/wp-json\/wp\/v2\/product_cat?post=299"},{"taxonomy":"product_tag","embeddable":true,"href":"https:\/\/toqueprofesional.es\/pt\/wp-json\/wp\/v2\/product_tag?post=299"}],"curies":[{"name":"wp","href":"https:\/\/api.w.org\/{rel}","templated":true}]}}