{"id":300,"date":"2024-07-09T19:14:51","date_gmt":"2024-07-09T17:14:51","guid":{"rendered":"https:\/\/toqueprofesional.es\/?post_type=product&#038;p=300"},"modified":"2024-09-18T11:01:53","modified_gmt":"2024-09-18T09:01:53","slug":"disposable-white-capes","status":"publish","type":"product","link":"https:\/\/toqueprofesional.es\/pt\/disposable\/disposable-white-capes\/","title":{"rendered":"Capas descart\u00e1veis (100 unidades)"},"content":{"rendered":"<p>Estas capas descart\u00e1veis s\u00e3o ideais para proteger a parte superior do corpo das manchas de tinta durante a colora\u00e7\u00e3o do cabelo. Al\u00e9m disso, tamb\u00e9m podem ser usados como camada de corte. Este produto \u00e9 extremamente popular nos sal\u00f5es devido \u00e0 sua versatilidade e efic\u00e1cia na prote\u00e7\u00e3o contra manchas indesejadas.<\/p>\n<ul>\n<li><strong>Extens\u00e3o<\/strong>: 84\u00d7110CM<\/li>\n<li><strong>Cor<\/strong>: Branco<\/li>\n<li><strong>Material<\/strong>: Pl\u00e1stico<\/li>\n<\/ul>","protected":false},"excerpt":{"rendered":"<p>Estas capas descart\u00e1veis s\u00e3o ideais para proteger a parte superior do corpo das manchas de tinta durante a colora\u00e7\u00e3o do cabelo. Al\u00e9m disso, tamb\u00e9m podem ser usados como camada de corte. Este produto \u00e9 extremamente popular nos sal\u00f5es devido \u00e0 sua versatilidade e efic\u00e1cia na prote\u00e7\u00e3o contra manchas indesejadas. Medida: 84\u00d7110 CM Cor: Branco [\u2026]<\/p>","protected":false},"featured_media":1569,"template":"","meta":{"_acf_changed":false},"product_brand":[],"product_cat":[20],"product_tag":[],"class_list":{"0":"post-300","1":"product","2":"type-product","3":"status-publish","4":"has-post-thumbnail","6":"product_cat-disposable","8":"first","9":"instock","10":"taxable","11":"shipping-taxable","12":"purchasable","13":"product-type-simple"},"acf":[],"_links":{"self":[{"href":"https:\/\/toqueprofesional.es\/pt\/wp-json\/wp\/v2\/product\/300","targetHints":{"allow":["GET"]}}],"collection":[{"href":"https:\/\/toqueprofesional.es\/pt\/wp-json\/wp\/v2\/product"}],"about":[{"href":"https:\/\/toqueprofesional.es\/pt\/wp-json\/wp\/v2\/types\/product"}],"wp:featuredmedia":[{"embeddable":true,"href":"https:\/\/toqueprofesional.es\/pt\/wp-json\/wp\/v2\/media\/1569"}],"wp:attachment":[{"href":"https:\/\/toqueprofesional.es\/pt\/wp-json\/wp\/v2\/media?parent=300"}],"wp:term":[{"taxonomy":"product_brand","embeddable":true,"href":"https:\/\/toqueprofesional.es\/pt\/wp-json\/wp\/v2\/product_brand?post=300"},{"taxonomy":"product_cat","embeddable":true,"href":"https:\/\/toqueprofesional.es\/pt\/wp-json\/wp\/v2\/product_cat?post=300"},{"taxonomy":"product_tag","embeddable":true,"href":"https:\/\/toqueprofesional.es\/pt\/wp-json\/wp\/v2\/product_tag?post=300"}],"curies":[{"name":"wp","href":"https:\/\/api.w.org\/{rel}","templated":true}]}}