{"id":304,"date":"2023-11-20T15:13:38","date_gmt":"2023-11-20T14:13:38","guid":{"rendered":"https:\/\/toqueprofesional.es\/?post_type=product&#038;p=304"},"modified":"2024-12-08T13:10:16","modified_gmt":"2024-12-08T12:10:16","slug":"disposable-black-nitrile-gloves","status":"publish","type":"product","link":"https:\/\/toqueprofesional.es\/pt\/disposable\/disposable-black-nitrile-gloves\/","title":{"rendered":"LUVAS DE NITRILO PRETAS 100 UNIDADES. LIVRE DE POEIRA T\/P"},"content":{"rendered":"<p>Caixa com 100 Luvas de Nitrila Preta Sem P\u00f3 Tamanhos S, M, L. A nitrila \u00e9 um material muito resistente e por isso as luvas confeccionadas com nitrila s\u00e3o utilizadas por profissionais de cabeleireiro e beleza. Eles protegem as m\u00e3os evitando o risco de contamina\u00e7\u00e3o qu\u00edmica. Este tipo de luvas \u00e9 recomendada para cabeleireiros, dentistas, hospitais, manipula\u00e7\u00e3o de alimentos, ind\u00fastria, farm\u00e1cia, etc.<\/p>","protected":false},"excerpt":{"rendered":"<p>Caixa com 100 Luvas de Nitrila Preta Sem P\u00f3 Tamanhos S, M, L. A nitrila \u00e9 um material muito resistente e por isso as luvas confeccionadas com nitrila s\u00e3o utilizadas por profissionais de cabeleireiro e beleza. Eles protegem as m\u00e3os evitando o risco de contamina\u00e7\u00e3o qu\u00edmica. Este tipo de luvas \u00e9 recomendada para cabeleireiros, dentistas, hospitais, [\u2026]<\/p>","protected":false},"featured_media":1077,"template":"","meta":{"_acf_changed":false},"product_brand":[],"product_cat":[20],"product_tag":[],"class_list":{"0":"post-304","1":"product","2":"type-product","3":"status-publish","4":"has-post-thumbnail","6":"product_cat-disposable","8":"first","9":"instock","10":"taxable","11":"shipping-taxable","12":"purchasable","13":"product-type-simple"},"acf":[],"_links":{"self":[{"href":"https:\/\/toqueprofesional.es\/pt\/wp-json\/wp\/v2\/product\/304","targetHints":{"allow":["GET"]}}],"collection":[{"href":"https:\/\/toqueprofesional.es\/pt\/wp-json\/wp\/v2\/product"}],"about":[{"href":"https:\/\/toqueprofesional.es\/pt\/wp-json\/wp\/v2\/types\/product"}],"wp:featuredmedia":[{"embeddable":true,"href":"https:\/\/toqueprofesional.es\/pt\/wp-json\/wp\/v2\/media\/1077"}],"wp:attachment":[{"href":"https:\/\/toqueprofesional.es\/pt\/wp-json\/wp\/v2\/media?parent=304"}],"wp:term":[{"taxonomy":"product_brand","embeddable":true,"href":"https:\/\/toqueprofesional.es\/pt\/wp-json\/wp\/v2\/product_brand?post=304"},{"taxonomy":"product_cat","embeddable":true,"href":"https:\/\/toqueprofesional.es\/pt\/wp-json\/wp\/v2\/product_cat?post=304"},{"taxonomy":"product_tag","embeddable":true,"href":"https:\/\/toqueprofesional.es\/pt\/wp-json\/wp\/v2\/product_tag?post=304"}],"curies":[{"name":"wp","href":"https:\/\/api.w.org\/{rel}","templated":true}]}}