{"id":311,"date":"2023-11-20T15:28:51","date_gmt":"2023-11-20T14:28:51","guid":{"rendered":"https:\/\/toqueprofesional.es\/?post_type=product&#038;p=311"},"modified":"2025-08-17T18:17:14","modified_gmt":"2025-08-17T16:17:14","slug":"wooden-spatula-for-wax-mini","status":"publish","type":"product","link":"https:\/\/toqueprofesional.es\/pt\/disposable\/wooden-spatula-for-wax-mini\/","title":{"rendered":"ESP\u00c1TULA DE CORPO DE MADEIRA 100 UNIDADES."},"content":{"rendered":"<p>Estas esp\u00e1tulas de madeira descart\u00e1veis para depila\u00e7\u00e3o. S\u00e3o resistentes e ergon\u00f4micos, ideais para aplica\u00e7\u00e3o precisa de cera. Eles v\u00eam em embalagens organizadas, perfeitas para sal\u00f5es de beleza ou uso pessoal. Descart\u00e1vel para maior higiene e seguran\u00e7a. Tamb\u00e9m chamado de depressor.<\/p>\n<p>MATERIAL: madeira<\/p>\n<p>Embalagem: 100 unidades.<\/p>\n<p>Medidas: Comprimento: 15 cm. Largura: 1,30 cm.<\/p>","protected":false},"excerpt":{"rendered":"<p>Estas esp\u00e1tulas de madeira descart\u00e1veis para depila\u00e7\u00e3o. S\u00e3o resistentes e ergon\u00f4micos, ideais para aplica\u00e7\u00e3o precisa de cera. Eles v\u00eam em embalagens organizadas, perfeitas para sal\u00f5es de beleza ou uso pessoal. Descart\u00e1vel para maior higiene e seguran\u00e7a. Tamb\u00e9m chamado de depressor. MATERIAL: madeira Embalagem: 100 unidades. Medidas: Comprimento: 15 cm. Largura: 1,30 cm.<\/p>","protected":false},"featured_media":1438,"template":"","meta":{"_acf_changed":false},"product_brand":[],"product_cat":[20],"product_tag":[],"class_list":{"0":"post-311","1":"product","2":"type-product","3":"status-publish","4":"has-post-thumbnail","6":"product_cat-disposable","8":"first","9":"instock","10":"taxable","11":"shipping-taxable","12":"purchasable","13":"product-type-simple"},"acf":[],"_links":{"self":[{"href":"https:\/\/toqueprofesional.es\/pt\/wp-json\/wp\/v2\/product\/311","targetHints":{"allow":["GET"]}}],"collection":[{"href":"https:\/\/toqueprofesional.es\/pt\/wp-json\/wp\/v2\/product"}],"about":[{"href":"https:\/\/toqueprofesional.es\/pt\/wp-json\/wp\/v2\/types\/product"}],"wp:featuredmedia":[{"embeddable":true,"href":"https:\/\/toqueprofesional.es\/pt\/wp-json\/wp\/v2\/media\/1438"}],"wp:attachment":[{"href":"https:\/\/toqueprofesional.es\/pt\/wp-json\/wp\/v2\/media?parent=311"}],"wp:term":[{"taxonomy":"product_brand","embeddable":true,"href":"https:\/\/toqueprofesional.es\/pt\/wp-json\/wp\/v2\/product_brand?post=311"},{"taxonomy":"product_cat","embeddable":true,"href":"https:\/\/toqueprofesional.es\/pt\/wp-json\/wp\/v2\/product_cat?post=311"},{"taxonomy":"product_tag","embeddable":true,"href":"https:\/\/toqueprofesional.es\/pt\/wp-json\/wp\/v2\/product_tag?post=311"}],"curies":[{"name":"wp","href":"https:\/\/api.w.org\/{rel}","templated":true}]}}