{"id":346,"date":"2023-11-20T16:57:59","date_gmt":"2023-11-20T15:57:59","guid":{"rendered":"https:\/\/toqueprofesional.es\/?post_type=product&#038;p=346"},"modified":"2025-08-17T18:21:32","modified_gmt":"2025-08-17T16:21:32","slug":"disposable-mens-thongs","status":"publish","type":"product","link":"https:\/\/toqueprofesional.es\/pt\/disposable\/disposable-mens-thongs\/","title":{"rendered":"TANGA FEMININA TNT 100 UNIDADES. VE INDIVIDUAL"},"content":{"rendered":"<p>Saco com 100 tangas brancas de uso \u00fanico, est\u00e9tica profissional descart\u00e1vel. Al\u00e7a traseira muito estreita.<\/p>","protected":false},"excerpt":{"rendered":"<p>Saco com 100 tangas brancas de uso \u00fanico, est\u00e9tica profissional descart\u00e1vel. Al\u00e7a traseira muito estreita.<\/p>","protected":false},"featured_media":2045,"template":"","meta":{"_acf_changed":false},"product_brand":[],"product_cat":[20],"product_tag":[],"class_list":{"0":"post-346","1":"product","2":"type-product","3":"status-publish","4":"has-post-thumbnail","6":"product_cat-disposable","8":"first","9":"instock","10":"taxable","11":"shipping-taxable","12":"purchasable","13":"product-type-simple"},"acf":[],"_links":{"self":[{"href":"https:\/\/toqueprofesional.es\/pt\/wp-json\/wp\/v2\/product\/346","targetHints":{"allow":["GET"]}}],"collection":[{"href":"https:\/\/toqueprofesional.es\/pt\/wp-json\/wp\/v2\/product"}],"about":[{"href":"https:\/\/toqueprofesional.es\/pt\/wp-json\/wp\/v2\/types\/product"}],"wp:featuredmedia":[{"embeddable":true,"href":"https:\/\/toqueprofesional.es\/pt\/wp-json\/wp\/v2\/media\/2045"}],"wp:attachment":[{"href":"https:\/\/toqueprofesional.es\/pt\/wp-json\/wp\/v2\/media?parent=346"}],"wp:term":[{"taxonomy":"product_brand","embeddable":true,"href":"https:\/\/toqueprofesional.es\/pt\/wp-json\/wp\/v2\/product_brand?post=346"},{"taxonomy":"product_cat","embeddable":true,"href":"https:\/\/toqueprofesional.es\/pt\/wp-json\/wp\/v2\/product_cat?post=346"},{"taxonomy":"product_tag","embeddable":true,"href":"https:\/\/toqueprofesional.es\/pt\/wp-json\/wp\/v2\/product_tag?post=346"}],"curies":[{"name":"wp","href":"https:\/\/api.w.org\/{rel}","templated":true}]}}