{"id":348,"date":"2024-07-09T19:14:51","date_gmt":"2024-07-09T17:14:51","guid":{"rendered":"https:\/\/toqueprofesional.es\/?post_type=product&#038;p=348"},"modified":"2024-11-04T18:10:03","modified_gmt":"2024-11-04T17:10:03","slug":"disposable-headbands","status":"publish","type":"product","link":"https:\/\/toqueprofesional.es\/pt\/disposable\/disposable-headbands\/","title":{"rendered":"Tiaras descart\u00e1veis (100 UNIDADES)"},"content":{"rendered":"<p><span class=\"a-list-item\" data-spm-anchor-id=\"a2g0o.detail.1000023.i0.36bfdJhPdJhPCc\">Tiara descart\u00e1vel \u2013 remove os pelos do rosto para facilitar tratamentos faciais ou maquiagem profissionais.\u00a0<\/span><\/p>\n<p><span class=\"a-list-item\">MATERIAL: Tecido n\u00e3o tecido (TNT), ajust\u00e1vel e amigo da pele.<\/span><\/p>\n<div id=\"featurebullets_feature_div\" class=\"celwidget\">\n<div id=\"feature-bullets\" class=\"a-section a-spacing-medium a-spacing-top-small\">\n<p><span class=\"a-list-item\">SEGURO: Hipoalerg\u00eanico, respir\u00e1vel. O produto \u00e9 embalado em embalagens de 100 unidades.<\/span><\/p>\n<p>ESPECIFICA\u00c7\u00d5ES: Di\u00e2metro 60 cm x largura 10 cm.<\/p>\n<p>2 el\u00e1sticos de ponta para melhor sustenta\u00e7\u00e3o.<\/p>\n<p>Tamanho \u00fanico.<\/p>\n<p>Cor branca.<\/p>\n<p>Ensacamento individual.<\/p>\n<\/div>\n<\/div>","protected":false},"excerpt":{"rendered":"<p>Tiara descart\u00e1vel \u2013 remove os pelos do rosto para facilitar tratamentos faciais ou maquiagem profissionais. MATERIAL: Tecido n\u00e3o tecido (TNT), ajust\u00e1vel e amigo da pele. SEGURO: Hipoalerg\u00eanico, respir\u00e1vel. O produto \u00e9 embalado em embalagens de 100 unidades. ESPECIFICA\u00c7\u00d5ES: Di\u00e2metro 60 cm x largura 10 cm. 2 el\u00e1sticos de ponta para [\u2026]<\/p>","protected":false},"featured_media":1571,"template":"","meta":{"_acf_changed":false},"product_brand":[],"product_cat":[20],"product_tag":[],"class_list":{"0":"post-348","1":"product","2":"type-product","3":"status-publish","4":"has-post-thumbnail","6":"product_cat-disposable","8":"first","9":"instock","10":"taxable","11":"shipping-taxable","12":"purchasable","13":"product-type-simple"},"acf":[],"_links":{"self":[{"href":"https:\/\/toqueprofesional.es\/pt\/wp-json\/wp\/v2\/product\/348","targetHints":{"allow":["GET"]}}],"collection":[{"href":"https:\/\/toqueprofesional.es\/pt\/wp-json\/wp\/v2\/product"}],"about":[{"href":"https:\/\/toqueprofesional.es\/pt\/wp-json\/wp\/v2\/types\/product"}],"wp:featuredmedia":[{"embeddable":true,"href":"https:\/\/toqueprofesional.es\/pt\/wp-json\/wp\/v2\/media\/1571"}],"wp:attachment":[{"href":"https:\/\/toqueprofesional.es\/pt\/wp-json\/wp\/v2\/media?parent=348"}],"wp:term":[{"taxonomy":"product_brand","embeddable":true,"href":"https:\/\/toqueprofesional.es\/pt\/wp-json\/wp\/v2\/product_brand?post=348"},{"taxonomy":"product_cat","embeddable":true,"href":"https:\/\/toqueprofesional.es\/pt\/wp-json\/wp\/v2\/product_cat?post=348"},{"taxonomy":"product_tag","embeddable":true,"href":"https:\/\/toqueprofesional.es\/pt\/wp-json\/wp\/v2\/product_tag?post=348"}],"curies":[{"name":"wp","href":"https:\/\/api.w.org\/{rel}","templated":true}]}}