{"id":899,"date":"2024-01-13T22:35:31","date_gmt":"2024-01-13T21:35:31","guid":{"rendered":"https:\/\/toqueprofesional.es\/?post_type=product&#038;p=899"},"modified":"2025-09-29T21:37:26","modified_gmt":"2025-09-29T19:37:26","slug":"cortapelos-wmark-ng-9003","status":"publish","type":"product","link":"https:\/\/toqueprofesional.es\/pt\/hairdressing\/clippers\/cortapelos-wmark-ng-9003\/","title":{"rendered":"M\u00e1quina de cortar cabelo WMARK NG-9003"},"content":{"rendered":"<section class=\"product-description\">\n<div class=\"container\">\n<h2>M\u00e1quina de cortar cabelo WMARK NG-9003: precis\u00e3o e pot\u00eancia profissionais<\/h2>\n<p>Ele <strong>M\u00e1quina de cortar cabelo WMARK NG-9003<\/strong> \u00c9 uma ferramenta profissional projetada para oferecer<br \/>\nprecis\u00e3o, desempenho e conforto. Este modelo combina um design sem fio moderno com<br \/>\nTecnologia avan\u00e7ada, ideal para barbearias, sal\u00f5es de cabeleireiro e usu\u00e1rios exigentes que buscam resultados<br \/>\nimpec\u00e1vel. Gra\u00e7as ao seu motor magn\u00e9tico de alta velocidade e l\u00e2minas de a\u00e7o premium,<br \/>\ngarante um corte limpo e uniforme todas as vezes.<\/p>\n<h3>Potente motor magn\u00e9tico de 10.000 RPM<\/h3>\n<p>Uma das caracter\u00edsticas mais not\u00e1veis do <strong>m\u00e1quina de cortar cabelo<\/strong> <strong>WMARK NG-9003<\/strong> \u00e9 seu motor magn\u00e9tico<br \/>\nde <strong>10.000 revolu\u00e7\u00f5es por minuto<\/strong>Essa velocidade mais alta fornece a pot\u00eancia<br \/>\nNecess\u00e1rio para cortar todos os tipos de cabelo, mesmo os mais grossos e rebeldes, sem puxar ou perder<br \/>\ndesempenho. \u00c9 perfeito para trabalho cont\u00ednuo em ambientes profissionais onde velocidade e<br \/>\nefici\u00eancia s\u00e3o essenciais.<\/p>\n<h3>L\u00e2minas de a\u00e7o inoxid\u00e1vel DLC<\/h3>\n<p>O aparador de cabelo \u00e9 equipado com uma l\u00e2mina fixa e uma l\u00e2mina m\u00f3vel com revestimento DLC, ambas<br \/>\nfabricado em <strong>A\u00e7o inoxid\u00e1vel 440C (9CR18)<\/strong>. Este material de alta qualidade garante<br \/>\nDurabilidade excepcional e fio perfeito por mais tempo. Al\u00e9m disso, as l\u00e2minas s\u00e3o ajust\u00e1veis.<br \/>\npara <strong>sobreposi\u00e7\u00e3o zero<\/strong>, permitindo cortes precisos e detalhados, ideal<br \/>\npara fades e estilos personalizados.<\/p>\n<h3>Cinco configura\u00e7\u00f5es de comprimento de corte<\/h3>\n<p>Ele <strong>M\u00e1quina de cortar cabelo WMARK NG-9003<\/strong> tem <strong>5 n\u00edveis de ajuste de comprimento<\/strong>,<br \/>\noferecendo grande versatilidade. Esses ajustes permitem a adapta\u00e7\u00e3o a diferentes estilos e necessidades,<br \/>\ndesde cortes muito curtos e definidos at\u00e9 trabalhos mais longos e detalhados. Gra\u00e7as a esta funcionalidade,<br \/>\n\u00c9 uma ferramenta indispens\u00e1vel tanto para profissionais quanto para uso dom\u00e9stico avan\u00e7ado.<\/p>\n<h3>Bateria de longa dura\u00e7\u00e3o<\/h3>\n<p><strong style=\"font-family: -apple-system, BlinkMacSystemFont, 'Segoe UI', Roboto, 'Helvetica Neue', Arial, 'Noto Sans', sans-serif, 'Apple Color Emoji', 'Segoe UI Emoji', 'Segoe UI Symbol', 'Noto Color Emoji';\">M\u00e1quina de cortar cabelo WMARK NG-9003<\/strong> incorpora um poderoso <strong>Bateria de l\u00edtio de 3200 mAh<\/strong> que oferece at\u00e9<br \/>\n<strong>120 minutos de autonomia<\/strong> com uma \u00fanica carga. O tempo de carga total \u00e9 de apenas<br \/>\n3 horas gra\u00e7as ao seu eficiente sistema de recarga atrav\u00e9s <strong>Conector tipo C<\/strong>, compat\u00edvel<br \/>\ncom carregadores universais. Essa dura\u00e7\u00e3o da bateria permite sess\u00f5es longas e ininterruptas.<\/p>\n<h3>Design silencioso e confort\u00e1vel<\/h3>\n<p><strong>M\u00e1quina de cortar cabelo WMARK NG-9003<\/strong> foi projetado para minimizar o ru\u00eddo e a vibra\u00e7\u00e3o durante o uso,<br \/>\nproporcionando uma experi\u00eancia confort\u00e1vel tanto para o usu\u00e1rio quanto para o cliente. Isso o torna ideal para<br \/>\nbarbearias onde o conforto e o ambiente tranquilo s\u00e3o prioridade.<\/p>\n<h3>Acess\u00f3rios inclu\u00eddos<\/h3>\n<p>Este aparador de cabelo inclui tudo o que voc\u00ea precisa para uso profissional e vers\u00e1til.<br \/>\nVem com <strong>6 pentes guia magn\u00e9ticos<\/strong> (1,5, 3, 4,5, 6, 9 e 12 mm), uma escova de limpeza,<br \/>\n\u00d3leo lubrificante, base de carregamento, adaptador, cabo de carregamento tipo C, pente de cabelo, tampa preta adicional<br \/>\ne <strong>2 adesivos decorativos<\/strong>Esses acess\u00f3rios facilitam a manuten\u00e7\u00e3o e a personaliza\u00e7\u00e3o.<br \/>\nda m\u00e1quina.<\/p>\n<h3>Indicador LED inteligente<\/h3>\n<p><strong>M\u00e1quina de cortar cabelo WMARK NG-9003<\/strong> Possui uma tela de LED que mostra o status da bateria em tempo real.<br \/>\nreal, permitindo que voc\u00ea planeje cada sess\u00e3o de trabalho sem surpresas. Este detalhe tecnol\u00f3gico adiciona um n\u00edvel<br \/>\ncontrole e conforto extras para o usu\u00e1rio.<\/p>\n<h3>Conclus\u00e3o<\/h3>\n<p>Ele <strong>M\u00e1quina de cortar cabelo WMARK NG-9003<\/strong> \u00c9 a escolha perfeita para profissionais que necessitam<br \/>\nPot\u00eancia, precis\u00e3o e versatilidade. Seu motor de 10.000 RPM, l\u00e2minas de a\u00e7o com revestimento DLC,<br \/>\nBateria de longa dura\u00e7\u00e3o e design ergon\u00f4mico fazem dela uma ferramenta indispens\u00e1vel para qualquer<br \/>\nbarbeiro ou cabeleireiro. Com seus acess\u00f3rios e fun\u00e7\u00f5es avan\u00e7adas, esta m\u00e1quina de cortar cabelo garante resultados de<br \/>\nqualidade superior em cada uso.<\/p>\n<h3>Modelo relacionado<\/h3>\n<p>Se voc\u00ea est\u00e1 procurando uma m\u00e1quina de cortar cabelo semelhante com caracter\u00edsticas diferentes, voc\u00ea tamb\u00e9m pode estar interessado no<br \/>\n<a href=\"https:\/\/toqueprofesional.es\/pt\/hairdressing\/cortapelos-wmark-ng-9006\/\">M\u00e1quina de cortar cabelo WMARK NG-9006<\/a>,<br \/>\noferecendo op\u00e7\u00f5es avan\u00e7adas para profissionais exigentes.<\/p>\n<\/div>\n<\/section>","protected":false},"excerpt":{"rendered":"<p>Ele <strong>M\u00e1quina de cortar cabelo WMARK NG-9003<\/strong> Ele combina pot\u00eancia e precis\u00e3o em um design profissional e sem fio.<br \/>\nTem um <strong>Motor magn\u00e9tico de 10.000 RPM<\/strong> que oferece cortes r\u00e1pidos e uniformes,<br \/>\nIdeal para todos os tipos de cabelo.<br \/>\nDele <strong>l\u00e2mina fixa e l\u00e2mina m\u00f3vel DLC<\/strong>, fabricado em a\u00e7o inoxid\u00e1vel 440C (9CR18),<br \/>\npermitir <strong>sobreposi\u00e7\u00e3o zero<\/strong> e oferecer <strong>5 configura\u00e7\u00f5es de comprimento<\/strong> Para personalizar o estilo.<br \/>\nCom um <strong>Bateria de 3200 mAh<\/strong>, fornece at\u00e9 <strong>120 minutos de autonomia<\/strong> Com carga completa em apenas 3 horas.<br \/>\nProjetado com baixos n\u00edveis de ru\u00eddo e vibra\u00e7\u00e3o para uma experi\u00eancia confort\u00e1vel e profissional.<\/p>","protected":false},"featured_media":2030,"template":"","meta":{"_acf_changed":false},"product_brand":[],"product_cat":[25],"product_tag":[],"class_list":{"0":"post-899","1":"product","2":"type-product","3":"status-publish","4":"has-post-thumbnail","6":"product_cat-clippers","8":"first","9":"instock","10":"featured","11":"taxable","12":"shipping-taxable","13":"purchasable","14":"product-type-simple"},"acf":[],"_links":{"self":[{"href":"https:\/\/toqueprofesional.es\/pt\/wp-json\/wp\/v2\/product\/899","targetHints":{"allow":["GET"]}}],"collection":[{"href":"https:\/\/toqueprofesional.es\/pt\/wp-json\/wp\/v2\/product"}],"about":[{"href":"https:\/\/toqueprofesional.es\/pt\/wp-json\/wp\/v2\/types\/product"}],"wp:featuredmedia":[{"embeddable":true,"href":"https:\/\/toqueprofesional.es\/pt\/wp-json\/wp\/v2\/media\/2030"}],"wp:attachment":[{"href":"https:\/\/toqueprofesional.es\/pt\/wp-json\/wp\/v2\/media?parent=899"}],"wp:term":[{"taxonomy":"product_brand","embeddable":true,"href":"https:\/\/toqueprofesional.es\/pt\/wp-json\/wp\/v2\/product_brand?post=899"},{"taxonomy":"product_cat","embeddable":true,"href":"https:\/\/toqueprofesional.es\/pt\/wp-json\/wp\/v2\/product_cat?post=899"},{"taxonomy":"product_tag","embeddable":true,"href":"https:\/\/toqueprofesional.es\/pt\/wp-json\/wp\/v2\/product_tag?post=899"}],"curies":[{"name":"wp","href":"https:\/\/api.w.org\/{rel}","templated":true}]}}